{"id":95,"date":"2022-01-27T10:58:29","date_gmt":"2022-01-27T10:58:29","guid":{"rendered":"http:\/\/cognito.mprinsdesign.nl\/?page_id=95"},"modified":"2025-03-31T12:12:19","modified_gmt":"2025-03-31T10:12:19","slug":"kompleks","status":"publish","type":"page","link":"https:\/\/torremolinos-oak.com\/pl\/kompleks\/","title":{"rendered":"O jednym d\u0119bie"},"content":{"rendered":"<section class=\"wpb-content-wrapper\"><div  class=\"content_row row page-content vc_row wpb_row  default-style fullwidth\" >\n\t\n\t<div class=\"content_row_wrapper  default\" >\n\t<div id=\"asdasd\" class=\"vc_col-sm-12 wpb_column vc_column_container\" >\n\t<div class=\"vc_column-inner\">\n\t\t<div class=\"wpb_wrapper\" >\n\t\t\t<div class=\"rt_heading_wrapper no-style\">\n\t\t\t\t\t\t<h1 class=\"rt_heading  no-style\"  style=\"font-size:24px;margin-top:24px;margin-bottom:0px;\">Jeden d\u0105b \u2013 <span class=\"after_h1\">Pi\u0119knie po\u0142o\u017cona nowa konstrukcja z wyj\u0105tkowymi widokami w La Cala de Mijas ..<\/span><\/h1> \n\t\t\t\t\t<\/div><div class=\"vc_empty_space\"   style=\"height: 32px\"><span class=\"vc_empty_space_inner\"><\/span><\/div><div class=\"vc_separator wpb_content_element vc_separator_align_center vc_sep_width_100 vc_sep_style-4 vc_sep_pos_align_center vc_separator_no_text vc_sep_color_grey\" ><span class=\"vc_sep_holder vc_sep_holder_l\"><span class=\"vc_sep_line\"><\/span><\/span><span class=\"vc_sep_holder vc_sep_holder_r\"><span class=\"vc_sep_line\"><\/span><\/span>\n<\/div><div class=\"vc_empty_space\"   style=\"height: 32px\"><span class=\"vc_empty_space_inner\"><\/span><\/div>\n\t<div class=\"wpb_text_column wpb_content_element\" >\n\t\t<div class=\"wpb_wrapper\">\n\t\t\t<div class=\"\">\n<p>One Oak to \u015bmietanka w dziedzinie nowego budownictwa, zlokalizowana w jednej z najpi\u0119kniejszych lokalizacji w Torremolinos. Apartamenty i penthouse&#039;y w tym kompleksie niew\u0105tpliwie szybko si\u0119 sprzedaj\u0105. Kto nie chcia\u0142by mie\u0107 \u0142adnego, przestronnego apartamentu z du\u017cym tarasem, po\u0142o\u017conego w\u015br\u00f3d zieleni z niepowtarzalnym widokiem na wzg\u00f3rza i tory wodne najwy\u017cszej klasy pola golfowego do morza?<\/p>\n<h3>Nowoczesne apartamenty w Torremolinos<\/h3>\n<p>One Oak to innowacyjna koncepcja \u017cycia w Torremolinos, zaprojektowana tak, aby cieszy\u0107 si\u0119 Morzem \u015ar\u00f3dziemnym i niesko\u0144czonym \u015bwiat\u0142em Costa del Sol. \u015arodowisko naturalne i miejskie, awangardowe i funkcjonalne, o czystych i niepowtarzalnych liniach. Wyj\u0105tkowy projekt, w kt\u00f3rym to Ty jeste\u015b centralny.<\/p>\n<p>Istnieje szeroka gama przestronnych dom\u00f3w z du\u017cymi tarasami i starann\u0105 orientacj\u0105. Dzi\u0119ki zr\u00f3\u017cnicowanej typologii zawsze znajdziesz dom, kt\u00f3ry Ci odpowiada. Maj\u0105c do wyboru 1, 2, 3 lub 4 sypialnie, mo\u017cesz wybra\u0107 dom w wie\u017cowcu, penthouse lub apartament na parterze.<\/p>\n<p>Projekt ten oferuje wysok\u0105 jako\u015b\u0107 estetyczn\u0105 i techniczn\u0105 w bezkonkurencyjnej lokalizacji. Rezydencja g\u00f3ruje nad Morzem \u015ar\u00f3dziemnym i oferuje zapieraj\u0105ce dech w piersiach widoki na morze i miasto. Rezultat jest pi\u0119kny: awangardowy i wyrafinowany dom, kt\u00f3ry optymalizuje wykorzystanie przestrzeni wsp\u00f3lnych i promuje prywatno\u015b\u0107 kompleksu.<\/p>\n<p>Pokoje dzienne posiadaj\u0105 zintegrowan\u0105 kuchni\u0119 i maj\u0105 szerokie wyj\u015bcie na tarasy, tworz\u0105c du\u017c\u0105 przestrze\u0144 spotka\u0144, kt\u00f3ra zaciera granice mi\u0119dzy zewn\u0119trzem a wn\u0119trzem. Szczeg\u00f3ln\u0105 uwag\u0119 zwr\u00f3cono na orientacj\u0119 maj\u0105c\u0105 na celu optymalizacj\u0119 dost\u0119pu naturalnego \u015bwiat\u0142a i promowanie korzystania z przestrzeni zewn\u0119trznych. Du\u017ce tarasy i okna podkre\u015blaj\u0105 design zwi\u0119kszaj\u0105cy przyjemno\u015b\u0107 \u017cycia.<\/p>\n<p>W kompleksie zastosowano aerotermalny system do wytwarzania ciep\u0142ej wody i klimatyzacji.<\/p>\n<h3>Cz\u0119\u015bci wsp\u00f3lne<\/h3>\n<p>Pomieszczenia og\u00f3lnodost\u0119pne otoczone s\u0105 starannie zagospodarowanymi ogrodami i oferuj\u0105 dwa du\u017ce odkryte baseny oraz w pe\u0142ni wyposa\u017con\u0105 si\u0142owni\u0119.<\/p>\n<p>W pe\u0142ni wyposa\u017cona si\u0142ownia z saun\u0105 i prysznicami.<\/p>\n<p>Wielofunkcyjna przestrze\u0144 do u\u017cytku i przyjemno\u015bci na terenie ca\u0142ego kompleksu mieszkalnego.<\/p>\n<p>Miejsce zabaw dla dzieci.<\/p>\n<h3>Informacje o cenie<\/h3>\n<pre>aktualizacja - marzec 2025<\/pre>\n<p><img decoding=\"async\" class=\"alignnone wp-image-4172\" src=\"https:\/\/torremolinos-oak.com\/wp-content\/uploads\/sites\/11\/2025\/03\/Prices-One-Oak-march-2025.jpg\" alt=\"\" width=\"400\" height=\"122\" srcset=\"https:\/\/torremolinos-oak.com\/wp-content\/uploads\/sites\/11\/2025\/03\/Prices-One-Oak-march-2025.jpg 646w, https:\/\/torremolinos-oak.com\/wp-content\/uploads\/sites\/11\/2025\/03\/Prices-One-Oak-march-2025-300x91.jpg 300w, https:\/\/torremolinos-oak.com\/wp-content\/uploads\/sites\/11\/2025\/03\/Prices-One-Oak-march-2025-18x5.jpg 18w\" sizes=\"(max-width: 400px) 100vw, 400px\" \/><\/p>\n<p>Gotowe do zamieszkania w drugim kwartale 2025 r. - Ceny nie zawieraj\u0105 podatku VAT 10%.<\/p>\n<pre class=\"table-row\">Dla Twojej informacji: Dane te s\u0142u\u017c\u0105 wy\u0142\u0105cznie celom informacyjnym i nie maj\u0105 warto\u015bci umownej. Ceny te mog\u0105 si\u0119 r\u00f3\u017cni\u0107 w zale\u017cno\u015bci od rozwoju projektu i dost\u0119pno\u015bci.<\/pre>\n<p><strong>Aktualna dost\u0119pno\u015b\u0107, ceny i pakiet informacyjny:<\/strong><\/p>\n<p><a href=\"https:\/\/torremolinos-oak.com\/pl\/wiecej-informacji\/\"><strong>Zam\u00f3w pakiet informacyjny &gt;&gt;&gt;<\/strong><\/a><\/p>\n<\/div>\n\n\t\t<\/div>\n\t<\/div>\n\n\t\t<\/div>\n\t<\/div>\n\t<\/div>\n\n<\/div>\n<\/div>\n\n<div  class=\"content_row row page-content vc_row wpb_row  default-style fullwidth\" style=\"background-color: #bbac8c;\">\n\t\n\t<div class=\"content_row_wrapper  default\" >\n\t<div id=\"asdasd\" class=\"vc_col-sm-12 wpb_column vc_column_container\" >\n\t<div class=\"vc_column-inner\">\n\t\t<div class=\"wpb_wrapper\" >\n\t\t\t<div class=\"rt_heading_wrapper no-style\">\n\t\t\t\t\t\t<h1 class=\"rt_heading  no-style\"  style=\"font-size:24px;margin-top:24px;margin-bottom:0px;\">Cechy - <span class=\"after_h1 white\">Med Hills Fuengirola<\/span><\/h1> \n\t\t\t\t\t<\/div><div class=\"vc_empty_space\"   style=\"height: 32px\"><span class=\"vc_empty_space_inner\"><\/span><\/div><div class=\"vc_separator wpb_content_element vc_separator_align_center vc_sep_width_100 vc_sep_style-4 vc_sep_pos_align_center vc_separator_no_text vc_sep_color_grey\" ><span class=\"vc_sep_holder vc_sep_holder_l\"><span class=\"vc_sep_line\"><\/span><\/span><span class=\"vc_sep_holder vc_sep_holder_r\"><span class=\"vc_sep_line\"><\/span><\/span>\n<\/div>\n\t<div class=\"wpb_text_column wpb_content_element\" >\n\t\t<div class=\"wpb_wrapper\">\n\t\t\t\t \n\t\t<div  class=\"bullet-list style-1  check\">\n\t\t<ul>\n<li>domy z 2 i 3 sypialniami<\/li>\n<li>mieszkanie na otwartym planie<\/li>\n<li>designerskie kuchnie<\/li>\n<li>basen komunalny?<\/li>\n<li>optymalna izolacja<\/li>\n<li>ceny od 432 000 \u20ac.<\/li>\n<\/ul>\n\n\t\t<\/div>\n\t\n\n\t\t<\/div>\n\t<\/div>\n\n\t\t<\/div>\n\t<\/div>\n\t<\/div>\n\n<\/div>\n<\/div>\n\n<div  class=\"content_row row quote-row vc_row wpb_row  default-style fullwidth\" style=\"background-color: #fcfcfc;\">\n\t\n\t<div class=\"content_row_wrapper  fullwidth\" >\n\t<div id=\"asdasd\" class=\"vc_col-sm-12 wpb_column vc_column_container vc_custom_1644925648982\" >\n\t<div class=\"vc_column-inner\">\n\t\t<div class=\"wpb_wrapper\" >\n\t\t\t<div class=\"rt_heading_wrapper style-3\">\n\t\t\t\t\t\t<h4 class=\"rt_heading serif quote-max-width style-3\" >Pakiet informacyjny o Med Hills <a href=\"https:\/\/new.minisites.casadelmar.nl\/meer-informatie\/\"> Popro\u015b o broszur\u0119 i najnowszy cennik <\/a><\/h4> \n\t\t\t\t\t<\/div>\n\t\t<\/div>\n\t<\/div>\n\t<\/div>\n\n<\/div>\n<\/div>\n\n<div  class=\"content_row row vc_row wpb_row  default-style fullwidth\" >\n\t\n\t<div class=\"content_row_wrapper  default\" >\n\t<div id=\"asdasd\" class=\"vc_col-sm-12 wpb_column vc_column_container\" >\n\t<div class=\"vc_column-inner\">\n\t\t<div class=\"wpb_wrapper\" >\n\t\t\t<div class=\"button_wrapper aligncenter\"><a  href=\"\/pl\/wiecej-informacji\/\" target=\"_self\" title=\"&gt; wi\u0119cej informacji\" class=\"button_  style-2 small\">&gt; wi\u0119cej informacji<\/a><\/div>\n\t<div class=\"wpb_video_widget wpb_content_element vc_clearfix   vc_video-aspect-ratio-169 vc_video-el-width-100 vc_video-align-center\" >\n\t\t<div class=\"wpb_wrapper\">\n\t\t\t\n\t\t\t<div class=\"wpb_video_wrapper\"><div style=\"width: 640px;\" class=\"wp-video\"><video class=\"wp-video-shortcode\" id=\"video-95-1\" width=\"640\" height=\"360\" preload=\"metadata\" controls=\"controls\"><source type=\"video\/mp4\" src=\"https:\/\/new.minisites.casadelmar.nl\/wp-content\/uploads\/sites\/11\/2022\/06\/med-hills.mp4?_=1\" \/><a href=\"https:\/\/new.minisites.casadelmar.nl\/wp-content\/uploads\/sites\/11\/2022\/06\/med-hills.mp4\">https:\/\/new.minisites.casadelmar.nl\/wp-content\/uploads\/sites\/11\/2022\/06\/med-hills.mp4<\/a><\/video><\/div><\/div>\n\t\t<\/div>\n\t<\/div>\n\n\t\t<\/div>\n\t<\/div>\n\t<\/div>\n\n<\/div>\n<\/div>\n<\/section>","protected":false},"excerpt":{"rendered":"<p>\u2026 <a class=\"more-link\" href=\"https:\/\/torremolinos-oak.com\/pl\/kompleks\/\">Kontynuuj czytanie<\/a><\/p>","protected":false},"author":1,"featured_media":4114,"parent":0,"menu_order":3,"comment_status":"closed","ping_status":"closed","template":"","meta":{"footnotes":""},"class_list":["post-95","page","type-page","status-publish","has-post-thumbnail","hentry"],"yoast_head":"<!-- This site is optimized with the Yoast SEO plugin v26.0 - https:\/\/yoast.com\/wordpress\/plugins\/seo\/ -->\n<title>Over One Oak - One Oak Torremolinos<\/title>\n<meta name=\"robots\" content=\"index, follow, max-snippet:-1, max-image-preview:large, max-video-preview:-1\" \/>\n<link rel=\"canonical\" href=\"https:\/\/torremolinos-oak.com\/pl\/kompleks\/\" \/>\n<meta property=\"og:locale\" content=\"pl_PL\" \/>\n<meta property=\"og:type\" content=\"article\" \/>\n<meta property=\"og:title\" content=\"Over One Oak - One Oak Torremolinos\" \/>\n<meta property=\"og:url\" content=\"https:\/\/torremolinos-oak.com\/pl\/kompleks\/\" \/>\n<meta property=\"og:site_name\" content=\"One Oak Torremolinos\" \/>\n<meta property=\"article:modified_time\" content=\"2025-03-31T10:12:19+00:00\" \/>\n<meta property=\"og:image\" content=\"https:\/\/torremolinos-oak.com\/wp-content\/uploads\/sites\/11\/2022\/04\/One_Oak_outside.jpg\" \/>\n\t<meta property=\"og:image:width\" content=\"1400\" \/>\n\t<meta property=\"og:image:height\" content=\"800\" \/>\n\t<meta property=\"og:image:type\" content=\"image\/jpeg\" \/>\n<meta name=\"twitter:card\" content=\"summary_large_image\" \/>\n<meta name=\"twitter:label1\" content=\"Szacowany czas czytania\" \/>\n\t<meta name=\"twitter:data1\" content=\"4 minuty\" \/>\n<script type=\"application\/ld+json\" class=\"yoast-schema-graph\">{\"@context\":\"https:\/\/schema.org\",\"@graph\":[{\"@type\":\"WebPage\",\"@id\":\"https:\/\/torremolinos-oak.com\/het-complex\/\",\"url\":\"https:\/\/torremolinos-oak.com\/het-complex\/\",\"name\":\"Over One Oak - One Oak Torremolinos\",\"isPartOf\":{\"@id\":\"https:\/\/torremolinos-oak.com\/#website\"},\"primaryImageOfPage\":{\"@id\":\"https:\/\/torremolinos-oak.com\/het-complex\/#primaryimage\"},\"image\":{\"@id\":\"https:\/\/torremolinos-oak.com\/het-complex\/#primaryimage\"},\"thumbnailUrl\":\"https:\/\/torremolinos-oak.com\/wp-content\/uploads\/sites\/11\/2022\/04\/One_Oak_outside.jpg\",\"datePublished\":\"2022-01-27T10:58:29+00:00\",\"dateModified\":\"2025-03-31T10:12:19+00:00\",\"breadcrumb\":{\"@id\":\"https:\/\/torremolinos-oak.com\/het-complex\/#breadcrumb\"},\"inLanguage\":\"pl-PL\",\"potentialAction\":[{\"@type\":\"ReadAction\",\"target\":[\"https:\/\/torremolinos-oak.com\/het-complex\/\"]}]},{\"@type\":\"ImageObject\",\"inLanguage\":\"pl-PL\",\"@id\":\"https:\/\/torremolinos-oak.com\/het-complex\/#primaryimage\",\"url\":\"https:\/\/torremolinos-oak.com\/wp-content\/uploads\/sites\/11\/2022\/04\/One_Oak_outside.jpg\",\"contentUrl\":\"https:\/\/torremolinos-oak.com\/wp-content\/uploads\/sites\/11\/2022\/04\/One_Oak_outside.jpg\",\"width\":1400,\"height\":800},{\"@type\":\"BreadcrumbList\",\"@id\":\"https:\/\/torremolinos-oak.com\/het-complex\/#breadcrumb\",\"itemListElement\":[{\"@type\":\"ListItem\",\"position\":1,\"name\":\"Home\",\"item\":\"https:\/\/torremolinos-oak.com\/\"},{\"@type\":\"ListItem\",\"position\":2,\"name\":\"Over One Oak\"}]},{\"@type\":\"WebSite\",\"@id\":\"https:\/\/torremolinos-oak.com\/#website\",\"url\":\"https:\/\/torremolinos-oak.com\/\",\"name\":\"One Oak Torremolinos\",\"description\":\"\",\"potentialAction\":[{\"@type\":\"SearchAction\",\"target\":{\"@type\":\"EntryPoint\",\"urlTemplate\":\"https:\/\/torremolinos-oak.com\/?s={search_term_string}\"},\"query-input\":{\"@type\":\"PropertyValueSpecification\",\"valueRequired\":true,\"valueName\":\"search_term_string\"}}],\"inLanguage\":\"pl-PL\"}]}<\/script>\n<!-- \/ Yoast SEO plugin. -->","yoast_head_json":{"title":"O One Oak - One Oak Torremolinos","robots":{"index":"index","follow":"follow","max-snippet":"max-snippet:-1","max-image-preview":"max-image-preview:large","max-video-preview":"max-video-preview:-1"},"canonical":"https:\/\/torremolinos-oak.com\/pl\/kompleks\/","og_locale":"pl_PL","og_type":"article","og_title":"Over One Oak - One Oak Torremolinos","og_url":"https:\/\/torremolinos-oak.com\/pl\/kompleks\/","og_site_name":"One Oak Torremolinos","article_modified_time":"2025-03-31T10:12:19+00:00","og_image":[{"width":1400,"height":800,"url":"https:\/\/torremolinos-oak.com\/wp-content\/uploads\/sites\/11\/2022\/04\/One_Oak_outside.jpg","type":"image\/jpeg"}],"twitter_card":"summary_large_image","twitter_misc":{"Szacowany czas czytania":"4 minuty"},"schema":{"@context":"https:\/\/schema.org","@graph":[{"@type":"WebPage","@id":"https:\/\/torremolinos-oak.com\/het-complex\/","url":"https:\/\/torremolinos-oak.com\/het-complex\/","name":"O One Oak - One Oak Torremolinos","isPartOf":{"@id":"https:\/\/torremolinos-oak.com\/#website"},"primaryImageOfPage":{"@id":"https:\/\/torremolinos-oak.com\/het-complex\/#primaryimage"},"image":{"@id":"https:\/\/torremolinos-oak.com\/het-complex\/#primaryimage"},"thumbnailUrl":"https:\/\/torremolinos-oak.com\/wp-content\/uploads\/sites\/11\/2022\/04\/One_Oak_outside.jpg","datePublished":"2022-01-27T10:58:29+00:00","dateModified":"2025-03-31T10:12:19+00:00","breadcrumb":{"@id":"https:\/\/torremolinos-oak.com\/het-complex\/#breadcrumb"},"inLanguage":"pl-PL","potentialAction":[{"@type":"ReadAction","target":["https:\/\/torremolinos-oak.com\/het-complex\/"]}]},{"@type":"ImageObject","inLanguage":"pl-PL","@id":"https:\/\/torremolinos-oak.com\/het-complex\/#primaryimage","url":"https:\/\/torremolinos-oak.com\/wp-content\/uploads\/sites\/11\/2022\/04\/One_Oak_outside.jpg","contentUrl":"https:\/\/torremolinos-oak.com\/wp-content\/uploads\/sites\/11\/2022\/04\/One_Oak_outside.jpg","width":1400,"height":800},{"@type":"BreadcrumbList","@id":"https:\/\/torremolinos-oak.com\/het-complex\/#breadcrumb","itemListElement":[{"@type":"ListItem","position":1,"name":"Home","item":"https:\/\/torremolinos-oak.com\/"},{"@type":"ListItem","position":2,"name":"Over One Oak"}]},{"@type":"WebSite","@id":"https:\/\/torremolinos-oak.com\/#website","url":"https:\/\/torremolinos-oak.com\/","name":"Jeden d\u0105b Torremolinos","description":"","potentialAction":[{"@type":"SearchAction","target":{"@type":"EntryPoint","urlTemplate":"https:\/\/torremolinos-oak.com\/?s={search_term_string}"},"query-input":{"@type":"PropertyValueSpecification","valueRequired":true,"valueName":"search_term_string"}}],"inLanguage":"pl-PL"}]}},"_links":{"self":[{"href":"https:\/\/torremolinos-oak.com\/pl\/wp-json\/wp\/v2\/pages\/95","targetHints":{"allow":["GET"]}}],"collection":[{"href":"https:\/\/torremolinos-oak.com\/pl\/wp-json\/wp\/v2\/pages"}],"about":[{"href":"https:\/\/torremolinos-oak.com\/pl\/wp-json\/wp\/v2\/types\/page"}],"author":[{"embeddable":true,"href":"https:\/\/torremolinos-oak.com\/pl\/wp-json\/wp\/v2\/users\/1"}],"replies":[{"embeddable":true,"href":"https:\/\/torremolinos-oak.com\/pl\/wp-json\/wp\/v2\/comments?post=95"}],"version-history":[{"count":32,"href":"https:\/\/torremolinos-oak.com\/pl\/wp-json\/wp\/v2\/pages\/95\/revisions"}],"predecessor-version":[{"id":4175,"href":"https:\/\/torremolinos-oak.com\/pl\/wp-json\/wp\/v2\/pages\/95\/revisions\/4175"}],"wp:featuredmedia":[{"embeddable":true,"href":"https:\/\/torremolinos-oak.com\/pl\/wp-json\/wp\/v2\/media\/4114"}],"wp:attachment":[{"href":"https:\/\/torremolinos-oak.com\/pl\/wp-json\/wp\/v2\/media?parent=95"}],"curies":[{"name":"wp","href":"https:\/\/api.w.org\/{rel}","templated":true}]}}