{"id":95,"date":"2022-01-27T10:58:29","date_gmt":"2022-01-27T10:58:29","guid":{"rendered":"http:\/\/cognito.mprinsdesign.nl\/?page_id=95"},"modified":"2025-03-31T12:12:19","modified_gmt":"2025-03-31T10:12:19","slug":"il-complesso","status":"publish","type":"page","link":"https:\/\/torremolinos-oak.com\/it\/il-complesso\/","title":{"rendered":"A proposito di una quercia"},"content":{"rendered":"<section class=\"wpb-content-wrapper\"><div  class=\"content_row row page-content vc_row wpb_row  default-style fullwidth\" >\n\t\n\t<div class=\"content_row_wrapper  default\" >\n\t<div id=\"asdasd\" class=\"vc_col-sm-12 wpb_column vc_column_container\" >\n\t<div class=\"vc_column-inner\">\n\t\t<div class=\"wpb_wrapper\" >\n\t\t\t<div class=\"rt_heading_wrapper no-style\">\n\t\t\t\t\t\t<h1 class=\"rt_heading  no-style\"  style=\"font-size:24px;margin-top:24px;margin-bottom:0px;\">Una Quercia \u2013 <span class=\"after_h1\">Nuova costruzione in splendida posizione con vista unica a La Cala de Mijas..<\/span><\/h1> \n\t\t\t\t\t<\/div><div class=\"vc_empty_space\"   style=\"height: 32px\"><span class=\"vc_empty_space_inner\"><\/span><\/div><div class=\"vc_separator wpb_content_element vc_separator_align_center vc_sep_width_100 vc_sep_style-4 vc_sep_pos_align_center vc_separator_no_text vc_sep_color_grey\" ><span class=\"vc_sep_holder vc_sep_holder_l\"><span class=\"vc_sep_line\"><\/span><\/span><span class=\"vc_sep_holder vc_sep_holder_r\"><span class=\"vc_sep_line\"><\/span><\/span>\n<\/div><div class=\"vc_empty_space\"   style=\"height: 32px\"><span class=\"vc_empty_space_inner\"><\/span><\/div>\n\t<div class=\"wpb_text_column wpb_content_element\" >\n\t\t<div class=\"wpb_wrapper\">\n\t\t\t<div class=\"\">\n<p>One Oak \u00e8 la crema del raccolto nel campo delle nuove costruzioni e si trova in una delle localit\u00e0 pi\u00f9 belle di Torremolinos. Gli appartamenti e gli attici di questo complesso verranno senza dubbio venduti rapidamente. Chi non desidererebbe un appartamento bello e spazioso con una grande terrazza, immerso nel verde con una vista unica sulle colline e sui fairway di un campo da golf di prima classe fino al mare?<\/p>\n<h3>Appartamenti moderni a Torremolinos<\/h3>\n<p>One Oak \u00e8 un concetto di vita innovativo a Torremolinos, progettato per godersi il Mar Mediterraneo e la luce infinita della Costa del Sol. Un habitat naturale e urbano, all&#039;avanguardia e funzionale, dalle linee pure e inconfondibili. Un progetto unico in cui tu sei centrale.<\/p>\n<p>Esiste un&#039;ampia variet\u00e0 di case spaziose con ampie terrazze e un attento orientamento. Grazie alla variegata tipologia troverai sempre la casa che fa per te. Con la possibilit\u00e0 di scegliere tra 1, 2, 3 o 4 camere da letto, puoi optare per una casa a molti piani, un attico o un appartamento al piano terra.<\/p>\n<p>Questo progetto offre un&#039;elevata qualit\u00e0 estetica e tecnica in una posizione imbattibile. Il residence domina il Mar Mediterraneo e offre viste mozzafiato sul mare e sulla citt\u00e0. Il risultato \u00e8 bellissimo: una casa all&#039;avanguardia e raffinata che ottimizza l&#039;uso degli spazi comuni e favorisce la privacy del complesso.<\/p>\n<p>I soggiorni dispongono di una cucina integrata e hanno un ampio accesso alle terrazze, creando un ampio spazio di incontro che sfuma i confini tra esterno e interno. Particolare attenzione \u00e8 stata posta all&#039;orientamento per ottimizzare l&#039;accesso alla luce naturale e favorire la fruizione degli spazi esterni. Gli ampi terrazzi e le vetrate sottolineano il design che aumenta il piacere abitativo.<\/p>\n<p>Il complesso si avvale di un impianto aerotermico per la produzione di acqua calda e di climatizzazione.<\/p>\n<h3>Aree comuni<\/h3>\n<p>Le aree comuni sono circondate da giardini curati e offrono due grandi piscine all&#039;aperto e una palestra completamente attrezzata.<\/p>\n<p>Palestra completamente attrezzata con sauna e docce.<\/p>\n<p>Spazio multifunzionale di fruizione e divertimento dell&#039;intero complesso residenziale.<\/p>\n<p>Area giochi per bambini.<\/p>\n<h3>Informazioni sui prezzi<\/h3>\n<pre>aggiornamento - marzo 2025<\/pre>\n<p><img decoding=\"async\" class=\"alignnone wp-image-4172\" src=\"https:\/\/torremolinos-oak.com\/wp-content\/uploads\/sites\/11\/2025\/03\/Prices-One-Oak-march-2025.jpg\" alt=\"\" width=\"400\" height=\"122\" srcset=\"https:\/\/torremolinos-oak.com\/wp-content\/uploads\/sites\/11\/2025\/03\/Prices-One-Oak-march-2025.jpg 646w, https:\/\/torremolinos-oak.com\/wp-content\/uploads\/sites\/11\/2025\/03\/Prices-One-Oak-march-2025-300x91.jpg 300w, https:\/\/torremolinos-oak.com\/wp-content\/uploads\/sites\/11\/2025\/03\/Prices-One-Oak-march-2025-18x5.jpg 18w\" sizes=\"(max-width: 400px) 100vw, 400px\" \/><\/p>\n<p>Pronto per l&#039;occupazione secondo trimestre 2025 - Prezzi 10% IVA esclusa.<\/p>\n<pre class=\"table-row\">Per vostra informazione: questi dati sono puramente informativi e non hanno valore contrattuale. Questi prezzi possono variare a seconda dell&#039;evoluzione del progetto e della disponibilit\u00e0.<\/pre>\n<p><strong>Per disponibilit\u00e0 attuale, prezzi e pacchetto informativo:<\/strong><\/p>\n<p><a href=\"https:\/\/torremolinos-oak.com\/it\/maggiori-informazioni\/\"><strong>Richiedi il pacchetto informativo &gt;&gt;&gt;<\/strong><\/a><\/p>\n<\/div>\n\n\t\t<\/div>\n\t<\/div>\n\n\t\t<\/div>\n\t<\/div>\n\t<\/div>\n\n<\/div>\n<\/div>\n\n<div  class=\"content_row row page-content vc_row wpb_row  default-style fullwidth\" style=\"background-color: #bbac8c;\">\n\t\n\t<div class=\"content_row_wrapper  default\" >\n\t<div id=\"asdasd\" class=\"vc_col-sm-12 wpb_column vc_column_container\" >\n\t<div class=\"vc_column-inner\">\n\t\t<div class=\"wpb_wrapper\" >\n\t\t\t<div class=\"rt_heading_wrapper no-style\">\n\t\t\t\t\t\t<h1 class=\"rt_heading  no-style\"  style=\"font-size:24px;margin-top:24px;margin-bottom:0px;\">Caratteristiche - <span class=\"after_h1 white\">Med Hills Fuengirola<\/span><\/h1> \n\t\t\t\t\t<\/div><div class=\"vc_empty_space\"   style=\"height: 32px\"><span class=\"vc_empty_space_inner\"><\/span><\/div><div class=\"vc_separator wpb_content_element vc_separator_align_center vc_sep_width_100 vc_sep_style-4 vc_sep_pos_align_center vc_separator_no_text vc_sep_color_grey\" ><span class=\"vc_sep_holder vc_sep_holder_l\"><span class=\"vc_sep_line\"><\/span><\/span><span class=\"vc_sep_holder vc_sep_holder_r\"><span class=\"vc_sep_line\"><\/span><\/span>\n<\/div>\n\t<div class=\"wpb_text_column wpb_content_element\" >\n\t\t<div class=\"wpb_wrapper\">\n\t\t\t\t \n\t\t<div  class=\"bullet-list style-1  check\">\n\t\t<ul>\n<li>case con 2 e 3 camere da letto<\/li>\n<li>soggiorno a pianta aperta<\/li>\n<li>cucine di design<\/li>\n<li>piscina comunale<\/li>\n<li>isolamento ottimale<\/li>\n<li>prezzi a partire da \u20ac 432.000.<\/li>\n<\/ul>\n\n\t\t<\/div>\n\t\n\n\t\t<\/div>\n\t<\/div>\n\n\t\t<\/div>\n\t<\/div>\n\t<\/div>\n\n<\/div>\n<\/div>\n\n<div  class=\"content_row row quote-row vc_row wpb_row  default-style fullwidth\" style=\"background-color: #fcfcfc;\">\n\t\n\t<div class=\"content_row_wrapper  fullwidth\" >\n\t<div id=\"asdasd\" class=\"vc_col-sm-12 wpb_column vc_column_container vc_custom_1644925648982\" >\n\t<div class=\"vc_column-inner\">\n\t\t<div class=\"wpb_wrapper\" >\n\t\t\t<div class=\"rt_heading_wrapper style-3\">\n\t\t\t\t\t\t<h4 class=\"rt_heading serif quote-max-width style-3\" >Pacchetto informativo Med Hills <a href=\"https:\/\/new.minisites.casadelmar.nl\/meer-informatie\/\"> Richiedi la brochure e l&#039;ultimo listino <\/a><\/h4> \n\t\t\t\t\t<\/div>\n\t\t<\/div>\n\t<\/div>\n\t<\/div>\n\n<\/div>\n<\/div>\n\n<div  class=\"content_row row vc_row wpb_row  default-style fullwidth\" >\n\t\n\t<div class=\"content_row_wrapper  default\" >\n\t<div id=\"asdasd\" class=\"vc_col-sm-12 wpb_column vc_column_container\" >\n\t<div class=\"vc_column-inner\">\n\t\t<div class=\"wpb_wrapper\" >\n\t\t\t<div class=\"button_wrapper aligncenter\"><a  href=\"\/it\/maggiori-informazioni\/\" target=\"_self\" title=\"&gt; maggiori informazioni\" class=\"button_  style-2 small\">&gt; maggiori informazioni<\/a><\/div>\n\t<div class=\"wpb_video_widget wpb_content_element vc_clearfix   vc_video-aspect-ratio-169 vc_video-el-width-100 vc_video-align-center\" >\n\t\t<div class=\"wpb_wrapper\">\n\t\t\t\n\t\t\t<div class=\"wpb_video_wrapper\"><div style=\"width: 640px;\" class=\"wp-video\"><video class=\"wp-video-shortcode\" id=\"video-95-1\" width=\"640\" height=\"360\" preload=\"metadata\" controls=\"controls\"><source type=\"video\/mp4\" src=\"https:\/\/new.minisites.casadelmar.nl\/wp-content\/uploads\/sites\/11\/2022\/06\/med-hills.mp4?_=1\" \/><a href=\"https:\/\/new.minisites.casadelmar.nl\/wp-content\/uploads\/sites\/11\/2022\/06\/med-hills.mp4\">https:\/\/new.minisites.casadelmar.nl\/wp-content\/uploads\/sites\/11\/2022\/06\/med-hills.mp4<\/a><\/video><\/div><\/div>\n\t\t<\/div>\n\t<\/div>\n\n\t\t<\/div>\n\t<\/div>\n\t<\/div>\n\n<\/div>\n<\/div>\n<\/section>","protected":false},"excerpt":{"rendered":"<p>\u2026 <a class=\"more-link\" href=\"https:\/\/torremolinos-oak.com\/it\/il-complesso\/\">Continua a leggere<\/a><\/p>","protected":false},"author":1,"featured_media":4114,"parent":0,"menu_order":3,"comment_status":"closed","ping_status":"closed","template":"","meta":{"footnotes":""},"class_list":["post-95","page","type-page","status-publish","has-post-thumbnail","hentry"],"yoast_head":"<!-- This site is optimized with the Yoast SEO plugin v26.0 - https:\/\/yoast.com\/wordpress\/plugins\/seo\/ -->\n<title>Over One Oak - One Oak Torremolinos<\/title>\n<meta name=\"robots\" content=\"index, follow, max-snippet:-1, max-image-preview:large, max-video-preview:-1\" \/>\n<link rel=\"canonical\" href=\"https:\/\/torremolinos-oak.com\/it\/il-complesso\/\" \/>\n<meta property=\"og:locale\" content=\"it_IT\" \/>\n<meta property=\"og:type\" content=\"article\" \/>\n<meta property=\"og:title\" content=\"Over One Oak - One Oak Torremolinos\" \/>\n<meta property=\"og:url\" content=\"https:\/\/torremolinos-oak.com\/it\/il-complesso\/\" \/>\n<meta property=\"og:site_name\" content=\"One Oak Torremolinos\" \/>\n<meta property=\"article:modified_time\" content=\"2025-03-31T10:12:19+00:00\" \/>\n<meta property=\"og:image\" content=\"https:\/\/torremolinos-oak.com\/wp-content\/uploads\/sites\/11\/2022\/04\/One_Oak_outside.jpg\" \/>\n\t<meta property=\"og:image:width\" content=\"1400\" \/>\n\t<meta property=\"og:image:height\" content=\"800\" \/>\n\t<meta property=\"og:image:type\" content=\"image\/jpeg\" \/>\n<meta name=\"twitter:card\" content=\"summary_large_image\" \/>\n<meta name=\"twitter:label1\" content=\"Tempo di lettura stimato\" \/>\n\t<meta name=\"twitter:data1\" content=\"4 minuti\" \/>\n<script type=\"application\/ld+json\" class=\"yoast-schema-graph\">{\"@context\":\"https:\/\/schema.org\",\"@graph\":[{\"@type\":\"WebPage\",\"@id\":\"https:\/\/torremolinos-oak.com\/het-complex\/\",\"url\":\"https:\/\/torremolinos-oak.com\/het-complex\/\",\"name\":\"Over One Oak - One Oak Torremolinos\",\"isPartOf\":{\"@id\":\"https:\/\/torremolinos-oak.com\/#website\"},\"primaryImageOfPage\":{\"@id\":\"https:\/\/torremolinos-oak.com\/het-complex\/#primaryimage\"},\"image\":{\"@id\":\"https:\/\/torremolinos-oak.com\/het-complex\/#primaryimage\"},\"thumbnailUrl\":\"https:\/\/torremolinos-oak.com\/wp-content\/uploads\/sites\/11\/2022\/04\/One_Oak_outside.jpg\",\"datePublished\":\"2022-01-27T10:58:29+00:00\",\"dateModified\":\"2025-03-31T10:12:19+00:00\",\"breadcrumb\":{\"@id\":\"https:\/\/torremolinos-oak.com\/het-complex\/#breadcrumb\"},\"inLanguage\":\"it-IT\",\"potentialAction\":[{\"@type\":\"ReadAction\",\"target\":[\"https:\/\/torremolinos-oak.com\/het-complex\/\"]}]},{\"@type\":\"ImageObject\",\"inLanguage\":\"it-IT\",\"@id\":\"https:\/\/torremolinos-oak.com\/het-complex\/#primaryimage\",\"url\":\"https:\/\/torremolinos-oak.com\/wp-content\/uploads\/sites\/11\/2022\/04\/One_Oak_outside.jpg\",\"contentUrl\":\"https:\/\/torremolinos-oak.com\/wp-content\/uploads\/sites\/11\/2022\/04\/One_Oak_outside.jpg\",\"width\":1400,\"height\":800},{\"@type\":\"BreadcrumbList\",\"@id\":\"https:\/\/torremolinos-oak.com\/het-complex\/#breadcrumb\",\"itemListElement\":[{\"@type\":\"ListItem\",\"position\":1,\"name\":\"Home\",\"item\":\"https:\/\/torremolinos-oak.com\/\"},{\"@type\":\"ListItem\",\"position\":2,\"name\":\"Over One Oak\"}]},{\"@type\":\"WebSite\",\"@id\":\"https:\/\/torremolinos-oak.com\/#website\",\"url\":\"https:\/\/torremolinos-oak.com\/\",\"name\":\"One Oak Torremolinos\",\"description\":\"\",\"potentialAction\":[{\"@type\":\"SearchAction\",\"target\":{\"@type\":\"EntryPoint\",\"urlTemplate\":\"https:\/\/torremolinos-oak.com\/?s={search_term_string}\"},\"query-input\":{\"@type\":\"PropertyValueSpecification\",\"valueRequired\":true,\"valueName\":\"search_term_string\"}}],\"inLanguage\":\"it-IT\"}]}<\/script>\n<!-- \/ Yoast SEO plugin. -->","yoast_head_json":{"title":"Circa una quercia - Una quercia Torremolinos","robots":{"index":"index","follow":"follow","max-snippet":"max-snippet:-1","max-image-preview":"max-image-preview:large","max-video-preview":"max-video-preview:-1"},"canonical":"https:\/\/torremolinos-oak.com\/it\/il-complesso\/","og_locale":"it_IT","og_type":"article","og_title":"Over One Oak - One Oak Torremolinos","og_url":"https:\/\/torremolinos-oak.com\/it\/il-complesso\/","og_site_name":"One Oak Torremolinos","article_modified_time":"2025-03-31T10:12:19+00:00","og_image":[{"width":1400,"height":800,"url":"https:\/\/torremolinos-oak.com\/wp-content\/uploads\/sites\/11\/2022\/04\/One_Oak_outside.jpg","type":"image\/jpeg"}],"twitter_card":"summary_large_image","twitter_misc":{"Tempo di lettura stimato":"4 minuti"},"schema":{"@context":"https:\/\/schema.org","@graph":[{"@type":"WebPage","@id":"https:\/\/torremolinos-oak.com\/het-complex\/","url":"https:\/\/torremolinos-oak.com\/het-complex\/","name":"Circa una quercia - Una quercia Torremolinos","isPartOf":{"@id":"https:\/\/torremolinos-oak.com\/#website"},"primaryImageOfPage":{"@id":"https:\/\/torremolinos-oak.com\/het-complex\/#primaryimage"},"image":{"@id":"https:\/\/torremolinos-oak.com\/het-complex\/#primaryimage"},"thumbnailUrl":"https:\/\/torremolinos-oak.com\/wp-content\/uploads\/sites\/11\/2022\/04\/One_Oak_outside.jpg","datePublished":"2022-01-27T10:58:29+00:00","dateModified":"2025-03-31T10:12:19+00:00","breadcrumb":{"@id":"https:\/\/torremolinos-oak.com\/het-complex\/#breadcrumb"},"inLanguage":"it-IT","potentialAction":[{"@type":"ReadAction","target":["https:\/\/torremolinos-oak.com\/het-complex\/"]}]},{"@type":"ImageObject","inLanguage":"it-IT","@id":"https:\/\/torremolinos-oak.com\/het-complex\/#primaryimage","url":"https:\/\/torremolinos-oak.com\/wp-content\/uploads\/sites\/11\/2022\/04\/One_Oak_outside.jpg","contentUrl":"https:\/\/torremolinos-oak.com\/wp-content\/uploads\/sites\/11\/2022\/04\/One_Oak_outside.jpg","width":1400,"height":800},{"@type":"BreadcrumbList","@id":"https:\/\/torremolinos-oak.com\/het-complex\/#breadcrumb","itemListElement":[{"@type":"ListItem","position":1,"name":"Home","item":"https:\/\/torremolinos-oak.com\/"},{"@type":"ListItem","position":2,"name":"Over One Oak"}]},{"@type":"WebSite","@id":"https:\/\/torremolinos-oak.com\/#website","url":"https:\/\/torremolinos-oak.com\/","name":"Una quercia Torremolinos","description":"","potentialAction":[{"@type":"SearchAction","target":{"@type":"EntryPoint","urlTemplate":"https:\/\/torremolinos-oak.com\/?s={search_term_string}"},"query-input":{"@type":"PropertyValueSpecification","valueRequired":true,"valueName":"search_term_string"}}],"inLanguage":"it-IT"}]}},"_links":{"self":[{"href":"https:\/\/torremolinos-oak.com\/it\/wp-json\/wp\/v2\/pages\/95","targetHints":{"allow":["GET"]}}],"collection":[{"href":"https:\/\/torremolinos-oak.com\/it\/wp-json\/wp\/v2\/pages"}],"about":[{"href":"https:\/\/torremolinos-oak.com\/it\/wp-json\/wp\/v2\/types\/page"}],"author":[{"embeddable":true,"href":"https:\/\/torremolinos-oak.com\/it\/wp-json\/wp\/v2\/users\/1"}],"replies":[{"embeddable":true,"href":"https:\/\/torremolinos-oak.com\/it\/wp-json\/wp\/v2\/comments?post=95"}],"version-history":[{"count":32,"href":"https:\/\/torremolinos-oak.com\/it\/wp-json\/wp\/v2\/pages\/95\/revisions"}],"predecessor-version":[{"id":4175,"href":"https:\/\/torremolinos-oak.com\/it\/wp-json\/wp\/v2\/pages\/95\/revisions\/4175"}],"wp:featuredmedia":[{"embeddable":true,"href":"https:\/\/torremolinos-oak.com\/it\/wp-json\/wp\/v2\/media\/4114"}],"wp:attachment":[{"href":"https:\/\/torremolinos-oak.com\/it\/wp-json\/wp\/v2\/media?parent=95"}],"curies":[{"name":"wp","href":"https:\/\/api.w.org\/{rel}","templated":true}]}}