{"id":99,"date":"2022-01-27T10:58:40","date_gmt":"2022-01-27T10:58:40","guid":{"rendered":"http:\/\/cognito.mprinsdesign.nl\/?page_id=99"},"modified":"2022-10-31T09:20:37","modified_gmt":"2022-10-31T08:20:37","slug":"des-photos","status":"publish","type":"page","link":"https:\/\/torremolinos-oak.com\/fr\/des-photos\/","title":{"rendered":"Photos"},"content":{"rendered":"<section class=\"wpb-content-wrapper\"><div  class=\"content_row row page-content vc_row wpb_row  default-style fullwidth\" >\n\t\n\t<div class=\"content_row_wrapper  default\" >\n\t<div id=\"asdasd\" class=\"vc_col-sm-12 wpb_column vc_column_container\" >\n\t<div class=\"vc_column-inner\">\n\t\t<div class=\"wpb_wrapper\" >\n\t\t\t<div class=\"rt_heading_wrapper no-style\">\n\t\t\t\t\t\t<h1 class=\"rt_heading  no-style\"  style=\"font-size:24px;margin-top:24px;margin-bottom:0px;\">Photos - <span class=\"after_h1\">Oal de Torremolinos<\/span><\/h1> \n\t\t\t\t\t<\/div><div class=\"vc_empty_space\"   style=\"height: 32px\"><span class=\"vc_empty_space_inner\"><\/span><\/div><div class=\"vc_separator wpb_content_element vc_separator_align_center vc_sep_width_100 vc_sep_style-4 vc_sep_pos_align_center vc_separator_no_text vc_sep_color_grey\" ><span class=\"vc_sep_holder vc_sep_holder_l\"><span class=\"vc_sep_line\"><\/span><\/span><span class=\"vc_sep_holder vc_sep_holder_r\"><span class=\"vc_sep_line\"><\/span><\/span>\n<\/div>\n\t\t<\/div>\n\t<\/div>\n\t<\/div>\n\n<\/div>\n<\/div>\n\n<div  class=\"content_row row room-list vc_row wpb_row  default-style fullwidth\" >\n\t\n\t<div class=\"content_row_wrapper  fullwidth\" >\n\t<div id=\"asdasd\" class=\"vc_col-sm-12 wpb_column vc_column_container\" >\n\t<div class=\"vc_column-inner\">\n\t\t<div class=\"wpb_wrapper\" >\n\t\t\t\n\t<div class=\"wpb_text_column wpb_content_element\" >\n\t\t<div class=\"wpb_wrapper\">\n\t\t\t<div class=\"rt-gallery clearfix grid4fotos fixed_heights animated-layout\">\n\t<div class=\"row clearfix\">\n\t\t\n\n\t\t<div class=\"col col-sm-3 col-xs-12 col-fotos\">\n\t\t\t<!-- room info -->\n\n\t\t\t<a id=\"\" class=\"imgeffect zoom rt_lightbox\" data-gal-id=\"\" data-rel=\"rt_lightbox\"\n\t\t\t   title=\"Agrandir l&#039;image\" data-title=\"One Oak\" data-sub-html=\"\" data-src=\"\" data-width=\"\"\n\t\t\t   data-height=\"\" data-poster=\"\" data-autoplay=\"\" data-audiotitle=\"\" data-download-url=\"false\"\n\t\t\t   href=\"https:\/\/torremolinos-oak.com\/wp-content\/uploads\/sites\/11\/2022\/10\/One_Oak.jpg\">\n\n\t\t\t\t<div class=\"room-noinfo has-bg-image gallery-item-holder\"\n\t\t\t\t\t data-thumbnail=\"https:\/\/torremolinos-oak.com\/wp-content\/uploads\/sites\/11\/2022\/10\/One_Oak.jpg\"\n\t\t\t\t\t data-min-height=\"350\" style=\"min-height: 350px;\">\n\n\t\t\t\t\t<!-- single title-->\n\t\t\t\t\t<div class=\"room-single-title\">Un Ch\u00eane<\/div>\n\n\t\t\t\t\t<!-- overlay background -->\n\t\t\t\t\t<div class=\"room-bg-ovelay\"\n\t\t\t\t\t\t style=\"background-image: url(&quot;https:\/\/torremolinos-oak.com\/wp-content\/uploads\/sites\/11\/2022\/10\/One_Oak.jpg&quot;);\">\n\t\t\t\t\t<\/div>\n\n\t\t\t\t<\/div>\n\t\t\t<\/a>\n\t\t\t<!--\/ end .room-info -->\n\t\t<\/div>\n\n\t\t\n\n\t\t<div class=\"col col-sm-3 col-xs-12 col-fotos\">\n\t\t\t<!-- room info -->\n\n\t\t\t<a id=\"\" class=\"imgeffect zoom rt_lightbox\" data-gal-id=\"\" data-rel=\"rt_lightbox\"\n\t\t\t   title=\"Agrandir l&#039;image\" data-title=\"One Oak outside\" data-sub-html=\"\" data-src=\"\" data-width=\"\"\n\t\t\t   data-height=\"\" data-poster=\"\" data-autoplay=\"\" data-audiotitle=\"\" data-download-url=\"false\"\n\t\t\t   href=\"https:\/\/torremolinos-oak.com\/wp-content\/uploads\/sites\/11\/2022\/04\/One_Oak_outside.jpg\">\n\n\t\t\t\t<div class=\"room-noinfo has-bg-image gallery-item-holder\"\n\t\t\t\t\t data-thumbnail=\"https:\/\/torremolinos-oak.com\/wp-content\/uploads\/sites\/11\/2022\/04\/One_Oak_outside.jpg\"\n\t\t\t\t\t data-min-height=\"350\" style=\"min-height: 350px;\">\n\n\t\t\t\t\t<!-- single title-->\n\t\t\t\t\t<div class=\"room-single-title\">Un ch\u00eane \u00e0 l&#039;ext\u00e9rieur<\/div>\n\n\t\t\t\t\t<!-- overlay background -->\n\t\t\t\t\t<div class=\"room-bg-ovelay\"\n\t\t\t\t\t\t style=\"background-image: url(&quot;https:\/\/torremolinos-oak.com\/wp-content\/uploads\/sites\/11\/2022\/04\/One_Oak_outside.jpg&quot;);\">\n\t\t\t\t\t<\/div>\n\n\t\t\t\t<\/div>\n\t\t\t<\/a>\n\t\t\t<!--\/ end .room-info -->\n\t\t<\/div>\n\n\t\t\n\n\t\t<div class=\"col col-sm-3 col-xs-12 col-fotos\">\n\t\t\t<!-- room info -->\n\n\t\t\t<a id=\"\" class=\"imgeffect zoom rt_lightbox\" data-gal-id=\"\" data-rel=\"rt_lightbox\"\n\t\t\t   title=\"Agrandir l&#039;image\" data-title=\"One Oak swimming\" data-sub-html=\"\" data-src=\"\" data-width=\"\"\n\t\t\t   data-height=\"\" data-poster=\"\" data-autoplay=\"\" data-audiotitle=\"\" data-download-url=\"false\"\n\t\t\t   href=\"https:\/\/torremolinos-oak.com\/wp-content\/uploads\/sites\/11\/2022\/10\/One_Oak_swim.jpg\">\n\n\t\t\t\t<div class=\"room-noinfo has-bg-image gallery-item-holder\"\n\t\t\t\t\t data-thumbnail=\"https:\/\/torremolinos-oak.com\/wp-content\/uploads\/sites\/11\/2022\/10\/One_Oak_swim.jpg\"\n\t\t\t\t\t data-min-height=\"350\" style=\"min-height: 350px;\">\n\n\t\t\t\t\t<!-- single title-->\n\t\t\t\t\t<div class=\"room-single-title\">Un ch\u00eane nageant<\/div>\n\n\t\t\t\t\t<!-- overlay background -->\n\t\t\t\t\t<div class=\"room-bg-ovelay\"\n\t\t\t\t\t\t style=\"background-image: url(&quot;https:\/\/torremolinos-oak.com\/wp-content\/uploads\/sites\/11\/2022\/10\/One_Oak_swim.jpg&quot;);\">\n\t\t\t\t\t<\/div>\n\n\t\t\t\t<\/div>\n\t\t\t<\/a>\n\t\t\t<!--\/ end .room-info -->\n\t\t<\/div>\n\n\t\t\n\n\t\t<div class=\"col col-sm-3 col-xs-12 col-fotos\">\n\t\t\t<!-- room info -->\n\n\t\t\t<a id=\"\" class=\"imgeffect zoom rt_lightbox\" data-gal-id=\"\" data-rel=\"rt_lightbox\"\n\t\t\t   title=\"Agrandir l&#039;image\" data-title=\"One Oak living\" data-sub-html=\"\" data-src=\"\" data-width=\"\"\n\t\t\t   data-height=\"\" data-poster=\"\" data-autoplay=\"\" data-audiotitle=\"\" data-download-url=\"false\"\n\t\t\t   href=\"https:\/\/torremolinos-oak.com\/wp-content\/uploads\/sites\/11\/2022\/03\/One_oak_living.jpg\">\n\n\t\t\t\t<div class=\"room-noinfo has-bg-image gallery-item-holder\"\n\t\t\t\t\t data-thumbnail=\"https:\/\/torremolinos-oak.com\/wp-content\/uploads\/sites\/11\/2022\/03\/One_oak_living.jpg\"\n\t\t\t\t\t data-min-height=\"350\" style=\"min-height: 350px;\">\n\n\t\t\t\t\t<!-- single title-->\n\t\t\t\t\t<div class=\"room-single-title\">Un ch\u00eane vivant<\/div>\n\n\t\t\t\t\t<!-- overlay background -->\n\t\t\t\t\t<div class=\"room-bg-ovelay\"\n\t\t\t\t\t\t style=\"background-image: url(&quot;https:\/\/torremolinos-oak.com\/wp-content\/uploads\/sites\/11\/2022\/03\/One_oak_living.jpg&quot;);\">\n\t\t\t\t\t<\/div>\n\n\t\t\t\t<\/div>\n\t\t\t<\/a>\n\t\t\t<!--\/ end .room-info -->\n\t\t<\/div>\n\n\t\t\n\n\t\t<div class=\"col col-sm-3 col-xs-12 col-fotos\">\n\t\t\t<!-- room info -->\n\n\t\t\t<a id=\"\" class=\"imgeffect zoom rt_lightbox\" data-gal-id=\"\" data-rel=\"rt_lightbox\"\n\t\t\t   title=\"Agrandir l&#039;image\" data-title=\"One Oak living\" data-sub-html=\"\" data-src=\"\" data-width=\"\"\n\t\t\t   data-height=\"\" data-poster=\"\" data-autoplay=\"\" data-audiotitle=\"\" data-download-url=\"false\"\n\t\t\t   href=\"https:\/\/torremolinos-oak.com\/wp-content\/uploads\/sites\/11\/2022\/05\/One_oak_living_2.jpg\">\n\n\t\t\t\t<div class=\"room-noinfo has-bg-image gallery-item-holder\"\n\t\t\t\t\t data-thumbnail=\"https:\/\/torremolinos-oak.com\/wp-content\/uploads\/sites\/11\/2022\/05\/One_oak_living_2.jpg\"\n\t\t\t\t\t data-min-height=\"350\" style=\"min-height: 350px;\">\n\n\t\t\t\t\t<!-- single title-->\n\t\t\t\t\t<div class=\"room-single-title\">Un ch\u00eane vivant<\/div>\n\n\t\t\t\t\t<!-- overlay background -->\n\t\t\t\t\t<div class=\"room-bg-ovelay\"\n\t\t\t\t\t\t style=\"background-image: url(&quot;https:\/\/torremolinos-oak.com\/wp-content\/uploads\/sites\/11\/2022\/05\/One_oak_living_2.jpg&quot;);\">\n\t\t\t\t\t<\/div>\n\n\t\t\t\t<\/div>\n\t\t\t<\/a>\n\t\t\t<!--\/ end .room-info -->\n\t\t<\/div>\n\n\t\t\n\n\t\t<div class=\"col col-sm-3 col-xs-12 col-fotos\">\n\t\t\t<!-- room info -->\n\n\t\t\t<a id=\"\" class=\"imgeffect zoom rt_lightbox\" data-gal-id=\"\" data-rel=\"rt_lightbox\"\n\t\t\t   title=\"Agrandir l&#039;image\" data-title=\"One Oak bedroom\" data-sub-html=\"\" data-src=\"\" data-width=\"\"\n\t\t\t   data-height=\"\" data-poster=\"\" data-autoplay=\"\" data-audiotitle=\"\" data-download-url=\"false\"\n\t\t\t   href=\"https:\/\/torremolinos-oak.com\/wp-content\/uploads\/sites\/11\/2022\/03\/One_oak_bedroom.jpg\">\n\n\t\t\t\t<div class=\"room-noinfo has-bg-image gallery-item-holder\"\n\t\t\t\t\t data-thumbnail=\"https:\/\/torremolinos-oak.com\/wp-content\/uploads\/sites\/11\/2022\/03\/One_oak_bedroom.jpg\"\n\t\t\t\t\t data-min-height=\"350\" style=\"min-height: 350px;\">\n\n\t\t\t\t\t<!-- single title-->\n\t\t\t\t\t<div class=\"room-single-title\">Une chambre en ch\u00eane<\/div>\n\n\t\t\t\t\t<!-- overlay background -->\n\t\t\t\t\t<div class=\"room-bg-ovelay\"\n\t\t\t\t\t\t style=\"background-image: url(&quot;https:\/\/torremolinos-oak.com\/wp-content\/uploads\/sites\/11\/2022\/03\/One_oak_bedroom.jpg&quot;);\">\n\t\t\t\t\t<\/div>\n\n\t\t\t\t<\/div>\n\t\t\t<\/a>\n\t\t\t<!--\/ end .room-info -->\n\t\t<\/div>\n\n\t\t\n\n\t\t<div class=\"col col-sm-3 col-xs-12 col-fotos\">\n\t\t\t<!-- room info -->\n\n\t\t\t<a id=\"\" class=\"imgeffect zoom rt_lightbox\" data-gal-id=\"\" data-rel=\"rt_lightbox\"\n\t\t\t   title=\"Agrandir l&#039;image\" data-title=\"One Oak bathroom\" data-sub-html=\"\" data-src=\"\" data-width=\"\"\n\t\t\t   data-height=\"\" data-poster=\"\" data-autoplay=\"\" data-audiotitle=\"\" data-download-url=\"false\"\n\t\t\t   href=\"https:\/\/torremolinos-oak.com\/wp-content\/uploads\/sites\/11\/2022\/03\/One_Oak_bathroom.jpg\">\n\n\t\t\t\t<div class=\"room-noinfo has-bg-image gallery-item-holder\"\n\t\t\t\t\t data-thumbnail=\"https:\/\/torremolinos-oak.com\/wp-content\/uploads\/sites\/11\/2022\/03\/One_Oak_bathroom.jpg\"\n\t\t\t\t\t data-min-height=\"350\" style=\"min-height: 350px;\">\n\n\t\t\t\t\t<!-- single title-->\n\t\t\t\t\t<div class=\"room-single-title\">Une salle de bain en ch\u00eane<\/div>\n\n\t\t\t\t\t<!-- overlay background -->\n\t\t\t\t\t<div class=\"room-bg-ovelay\"\n\t\t\t\t\t\t style=\"background-image: url(&quot;https:\/\/torremolinos-oak.com\/wp-content\/uploads\/sites\/11\/2022\/03\/One_Oak_bathroom.jpg&quot;);\">\n\t\t\t\t\t<\/div>\n\n\t\t\t\t<\/div>\n\t\t\t<\/a>\n\t\t\t<!--\/ end .room-info -->\n\t\t<\/div>\n\n\t\t\n\n\t\t<div class=\"col col-sm-3 col-xs-12 col-fotos\">\n\t\t\t<!-- room info -->\n\n\t\t\t<a id=\"\" class=\"imgeffect zoom rt_lightbox\" data-gal-id=\"\" data-rel=\"rt_lightbox\"\n\t\t\t   title=\"Agrandir l&#039;image\" data-title=\"One Oak terrace\" data-sub-html=\"\" data-src=\"\" data-width=\"\"\n\t\t\t   data-height=\"\" data-poster=\"\" data-autoplay=\"\" data-audiotitle=\"\" data-download-url=\"false\"\n\t\t\t   href=\"https:\/\/torremolinos-oak.com\/wp-content\/uploads\/sites\/11\/2022\/03\/One_Oak_terrace.jpg\">\n\n\t\t\t\t<div class=\"room-noinfo has-bg-image gallery-item-holder\"\n\t\t\t\t\t data-thumbnail=\"https:\/\/torremolinos-oak.com\/wp-content\/uploads\/sites\/11\/2022\/03\/One_Oak_terrace.jpg\"\n\t\t\t\t\t data-min-height=\"350\" style=\"min-height: 350px;\">\n\n\t\t\t\t\t<!-- single title-->\n\t\t\t\t\t<div class=\"room-single-title\">Une terrasse en Ch\u00eane<\/div>\n\n\t\t\t\t\t<!-- overlay background -->\n\t\t\t\t\t<div class=\"room-bg-ovelay\"\n\t\t\t\t\t\t style=\"background-image: url(&quot;https:\/\/torremolinos-oak.com\/wp-content\/uploads\/sites\/11\/2022\/03\/One_Oak_terrace.jpg&quot;);\">\n\t\t\t\t\t<\/div>\n\n\t\t\t\t<\/div>\n\t\t\t<\/a>\n\t\t\t<!--\/ end .room-info -->\n\t\t<\/div>\n\n\t\t\n\n\t\t<div class=\"col col-sm-3 col-xs-12 col-fotos\">\n\t\t\t<!-- room info -->\n\n\t\t\t<a id=\"\" class=\"imgeffect zoom rt_lightbox\" data-gal-id=\"\" data-rel=\"rt_lightbox\"\n\t\t\t   title=\"Agrandir l&#039;image\" data-title=\"One Oak gym\" data-sub-html=\"\" data-src=\"\" data-width=\"\"\n\t\t\t   data-height=\"\" data-poster=\"\" data-autoplay=\"\" data-audiotitle=\"\" data-download-url=\"false\"\n\t\t\t   href=\"https:\/\/torremolinos-oak.com\/wp-content\/uploads\/sites\/11\/2022\/03\/One_Oak_gym.jpg\">\n\n\t\t\t\t<div class=\"room-noinfo has-bg-image gallery-item-holder\"\n\t\t\t\t\t data-thumbnail=\"https:\/\/torremolinos-oak.com\/wp-content\/uploads\/sites\/11\/2022\/03\/One_Oak_gym.jpg\"\n\t\t\t\t\t data-min-height=\"350\" style=\"min-height: 350px;\">\n\n\t\t\t\t\t<!-- single title-->\n\t\t\t\t\t<div class=\"room-single-title\">Une salle de sport en ch\u00eane<\/div>\n\n\t\t\t\t\t<!-- overlay background -->\n\t\t\t\t\t<div class=\"room-bg-ovelay\"\n\t\t\t\t\t\t style=\"background-image: url(&quot;https:\/\/torremolinos-oak.com\/wp-content\/uploads\/sites\/11\/2022\/03\/One_Oak_gym.jpg&quot;);\">\n\t\t\t\t\t<\/div>\n\n\t\t\t\t<\/div>\n\t\t\t<\/a>\n\t\t\t<!--\/ end .room-info -->\n\t\t<\/div>\n\n\t\t\t<\/div>\n<\/div>\n\n\n\t\t<\/div>\n\t<\/div>\n<div class=\"vc_empty_space\"   style=\"height: 180px\"><span class=\"vc_empty_space_inner\"><\/span><\/div>\n\t\t<\/div>\n\t<\/div>\n\t<\/div>\n\n<\/div>\n<\/div>\n<\/section>","protected":false},"excerpt":{"rendered":"<p>\u2026 <a class=\"more-link\" href=\"https:\/\/torremolinos-oak.com\/fr\/photo\/villa-sur-leau\/\">continuer la lecture<\/a><\/p>","protected":false},"author":4,"featured_media":4115,"parent":0,"menu_order":2,"comment_status":"closed","ping_status":"closed","template":"","meta":{"footnotes":""},"class_list":["post-99","page","type-page","status-publish","has-post-thumbnail","hentry"],"yoast_head":"<!-- This site is optimized with the Yoast SEO plugin v26.0 - https:\/\/yoast.com\/wordpress\/plugins\/seo\/ -->\n<title>Foto&#039;s - One Oak Torremolinos<\/title>\n<meta name=\"robots\" content=\"index, follow, max-snippet:-1, max-image-preview:large, max-video-preview:-1\" \/>\n<link rel=\"canonical\" href=\"https:\/\/torremolinos-oak.com\/fr\/des-photos\/\" \/>\n<meta property=\"og:locale\" content=\"fr_FR\" \/>\n<meta property=\"og:type\" content=\"article\" \/>\n<meta property=\"og:title\" content=\"Foto&#039;s - One Oak Torremolinos\" \/>\n<meta property=\"og:url\" content=\"https:\/\/torremolinos-oak.com\/fr\/des-photos\/\" \/>\n<meta property=\"og:site_name\" content=\"One Oak Torremolinos\" \/>\n<meta property=\"article:modified_time\" content=\"2022-10-31T08:20:37+00:00\" \/>\n<meta property=\"og:image\" content=\"https:\/\/torremolinos-oak.com\/wp-content\/uploads\/sites\/11\/2022\/10\/One_Oak_swim.jpg\" \/>\n\t<meta property=\"og:image:width\" content=\"1400\" \/>\n\t<meta property=\"og:image:height\" content=\"800\" \/>\n\t<meta property=\"og:image:type\" content=\"image\/jpeg\" \/>\n<meta name=\"twitter:card\" content=\"summary_large_image\" \/>\n<meta name=\"twitter:label1\" content=\"Dur\u00e9e de lecture estim\u00e9e\" \/>\n\t<meta name=\"twitter:data1\" content=\"1 minute\" \/>\n<script type=\"application\/ld+json\" class=\"yoast-schema-graph\">{\"@context\":\"https:\/\/schema.org\",\"@graph\":[{\"@type\":\"WebPage\",\"@id\":\"https:\/\/torremolinos-oak.com\/fotos\/\",\"url\":\"https:\/\/torremolinos-oak.com\/fotos\/\",\"name\":\"Foto's - One Oak Torremolinos\",\"isPartOf\":{\"@id\":\"https:\/\/torremolinos-oak.com\/#website\"},\"primaryImageOfPage\":{\"@id\":\"https:\/\/torremolinos-oak.com\/fotos\/#primaryimage\"},\"image\":{\"@id\":\"https:\/\/torremolinos-oak.com\/fotos\/#primaryimage\"},\"thumbnailUrl\":\"https:\/\/torremolinos-oak.com\/wp-content\/uploads\/sites\/11\/2022\/10\/One_Oak_swim.jpg\",\"datePublished\":\"2022-01-27T10:58:40+00:00\",\"dateModified\":\"2022-10-31T08:20:37+00:00\",\"breadcrumb\":{\"@id\":\"https:\/\/torremolinos-oak.com\/fotos\/#breadcrumb\"},\"inLanguage\":\"fr-FR\",\"potentialAction\":[{\"@type\":\"ReadAction\",\"target\":[\"https:\/\/torremolinos-oak.com\/fotos\/\"]}]},{\"@type\":\"ImageObject\",\"inLanguage\":\"fr-FR\",\"@id\":\"https:\/\/torremolinos-oak.com\/fotos\/#primaryimage\",\"url\":\"https:\/\/torremolinos-oak.com\/wp-content\/uploads\/sites\/11\/2022\/10\/One_Oak_swim.jpg\",\"contentUrl\":\"https:\/\/torremolinos-oak.com\/wp-content\/uploads\/sites\/11\/2022\/10\/One_Oak_swim.jpg\",\"width\":1400,\"height\":800},{\"@type\":\"BreadcrumbList\",\"@id\":\"https:\/\/torremolinos-oak.com\/fotos\/#breadcrumb\",\"itemListElement\":[{\"@type\":\"ListItem\",\"position\":1,\"name\":\"Home\",\"item\":\"https:\/\/torremolinos-oak.com\/\"},{\"@type\":\"ListItem\",\"position\":2,\"name\":\"Foto&#8217;s\"}]},{\"@type\":\"WebSite\",\"@id\":\"https:\/\/torremolinos-oak.com\/#website\",\"url\":\"https:\/\/torremolinos-oak.com\/\",\"name\":\"One Oak Torremolinos\",\"description\":\"\",\"potentialAction\":[{\"@type\":\"SearchAction\",\"target\":{\"@type\":\"EntryPoint\",\"urlTemplate\":\"https:\/\/torremolinos-oak.com\/?s={search_term_string}\"},\"query-input\":{\"@type\":\"PropertyValueSpecification\",\"valueRequired\":true,\"valueName\":\"search_term_string\"}}],\"inLanguage\":\"fr-FR\"}]}<\/script>\n<!-- \/ Yoast SEO plugin. -->","yoast_head_json":{"title":"Photos - One Oak Torremolinos","robots":{"index":"index","follow":"follow","max-snippet":"max-snippet:-1","max-image-preview":"max-image-preview:large","max-video-preview":"max-video-preview:-1"},"canonical":"https:\/\/torremolinos-oak.com\/fr\/des-photos\/","og_locale":"fr_FR","og_type":"article","og_title":"Foto's - One Oak Torremolinos","og_url":"https:\/\/torremolinos-oak.com\/fr\/des-photos\/","og_site_name":"One Oak Torremolinos","article_modified_time":"2022-10-31T08:20:37+00:00","og_image":[{"width":1400,"height":800,"url":"https:\/\/torremolinos-oak.com\/wp-content\/uploads\/sites\/11\/2022\/10\/One_Oak_swim.jpg","type":"image\/jpeg"}],"twitter_card":"summary_large_image","twitter_misc":{"Dur\u00e9e de lecture estim\u00e9e":"1 minute"},"schema":{"@context":"https:\/\/schema.org","@graph":[{"@type":"WebPage","@id":"https:\/\/torremolinos-oak.com\/fotos\/","url":"https:\/\/torremolinos-oak.com\/fotos\/","name":"Photos - One Oak Torremolinos","isPartOf":{"@id":"https:\/\/torremolinos-oak.com\/#website"},"primaryImageOfPage":{"@id":"https:\/\/torremolinos-oak.com\/fotos\/#primaryimage"},"image":{"@id":"https:\/\/torremolinos-oak.com\/fotos\/#primaryimage"},"thumbnailUrl":"https:\/\/torremolinos-oak.com\/wp-content\/uploads\/sites\/11\/2022\/10\/One_Oak_swim.jpg","datePublished":"2022-01-27T10:58:40+00:00","dateModified":"2022-10-31T08:20:37+00:00","breadcrumb":{"@id":"https:\/\/torremolinos-oak.com\/fotos\/#breadcrumb"},"inLanguage":"fr-FR","potentialAction":[{"@type":"ReadAction","target":["https:\/\/torremolinos-oak.com\/fotos\/"]}]},{"@type":"ImageObject","inLanguage":"fr-FR","@id":"https:\/\/torremolinos-oak.com\/fotos\/#primaryimage","url":"https:\/\/torremolinos-oak.com\/wp-content\/uploads\/sites\/11\/2022\/10\/One_Oak_swim.jpg","contentUrl":"https:\/\/torremolinos-oak.com\/wp-content\/uploads\/sites\/11\/2022\/10\/One_Oak_swim.jpg","width":1400,"height":800},{"@type":"BreadcrumbList","@id":"https:\/\/torremolinos-oak.com\/fotos\/#breadcrumb","itemListElement":[{"@type":"ListItem","position":1,"name":"Home","item":"https:\/\/torremolinos-oak.com\/"},{"@type":"ListItem","position":2,"name":"Foto&#8217;s"}]},{"@type":"WebSite","@id":"https:\/\/torremolinos-oak.com\/#website","url":"https:\/\/torremolinos-oak.com\/","name":"Un Ch\u00eane Torremolinos","description":"","potentialAction":[{"@type":"SearchAction","target":{"@type":"EntryPoint","urlTemplate":"https:\/\/torremolinos-oak.com\/?s={search_term_string}"},"query-input":{"@type":"PropertyValueSpecification","valueRequired":true,"valueName":"search_term_string"}}],"inLanguage":"fr-FR"}]}},"_links":{"self":[{"href":"https:\/\/torremolinos-oak.com\/fr\/wp-json\/wp\/v2\/pages\/99","targetHints":{"allow":["GET"]}}],"collection":[{"href":"https:\/\/torremolinos-oak.com\/fr\/wp-json\/wp\/v2\/pages"}],"about":[{"href":"https:\/\/torremolinos-oak.com\/fr\/wp-json\/wp\/v2\/types\/page"}],"author":[{"embeddable":true,"href":"https:\/\/torremolinos-oak.com\/fr\/wp-json\/wp\/v2\/users\/4"}],"replies":[{"embeddable":true,"href":"https:\/\/torremolinos-oak.com\/fr\/wp-json\/wp\/v2\/comments?post=99"}],"version-history":[{"count":4,"href":"https:\/\/torremolinos-oak.com\/fr\/wp-json\/wp\/v2\/pages\/99\/revisions"}],"predecessor-version":[{"id":4149,"href":"https:\/\/torremolinos-oak.com\/fr\/wp-json\/wp\/v2\/pages\/99\/revisions\/4149"}],"wp:featuredmedia":[{"embeddable":true,"href":"https:\/\/torremolinos-oak.com\/fr\/wp-json\/wp\/v2\/media\/4115"}],"wp:attachment":[{"href":"https:\/\/torremolinos-oak.com\/fr\/wp-json\/wp\/v2\/media?parent=99"}],"curies":[{"name":"wp","href":"https:\/\/api.w.org\/{rel}","templated":true}]}}