{"id":95,"date":"2022-01-27T10:58:29","date_gmt":"2022-01-27T10:58:29","guid":{"rendered":"http:\/\/cognito.mprinsdesign.nl\/?page_id=95"},"modified":"2025-03-31T12:12:19","modified_gmt":"2025-03-31T10:12:19","slug":"der-komplex","status":"publish","type":"page","link":"https:\/\/torremolinos-oak.com\/de\/der-komplex\/","title":{"rendered":"\u00dcber eine Eiche"},"content":{"rendered":"<section class=\"wpb-content-wrapper\"><div  class=\"content_row row page-content vc_row wpb_row  default-style fullwidth\" >\n\t\n\t<div class=\"content_row_wrapper  default\" >\n\t<div id=\"asdasd\" class=\"vc_col-sm-12 wpb_column vc_column_container\" >\n\t<div class=\"vc_column-inner\">\n\t\t<div class=\"wpb_wrapper\" >\n\t\t\t<div class=\"rt_heading_wrapper no-style\">\n\t\t\t\t\t\t<h1 class=\"rt_heading  no-style\"  style=\"font-size:24px;margin-top:24px;margin-bottom:0px;\">Eine Eiche \u2013 <span class=\"after_h1\">Wundersch\u00f6n gelegener Neubau mit einzigartigem Blick in La Cala de Mijas..<\/span><\/h1> \n\t\t\t\t\t<\/div><div class=\"vc_empty_space\"   style=\"height: 32px\"><span class=\"vc_empty_space_inner\"><\/span><\/div><div class=\"vc_separator wpb_content_element vc_separator_align_center vc_sep_width_100 vc_sep_style-4 vc_sep_pos_align_center vc_separator_no_text vc_sep_color_grey\" ><span class=\"vc_sep_holder vc_sep_holder_l\"><span class=\"vc_sep_line\"><\/span><\/span><span class=\"vc_sep_holder vc_sep_holder_r\"><span class=\"vc_sep_line\"><\/span><\/span>\n<\/div><div class=\"vc_empty_space\"   style=\"height: 32px\"><span class=\"vc_empty_space_inner\"><\/span><\/div>\n\t<div class=\"wpb_text_column wpb_content_element\" >\n\t\t<div class=\"wpb_wrapper\">\n\t\t\t<div class=\"\">\n<p>One Oak ist das Beste vom Besten im Bereich Neubau und befindet sich an einem der sch\u00f6nsten Standorte in Torremolinos. Die Wohnungen und Penth\u00e4user in diesem Komplex werden zweifellos schnell verkauft sein. Wer w\u00fcnscht sich nicht eine sch\u00f6ne, ger\u00e4umige Wohnung mit gro\u00dfer Terrasse, gelegen im Gr\u00fcnen mit einzigartigem Blick \u00fcber H\u00fcgel und die Fairways eines erstklassigen Golfplatzes bis hin zum Meer?<\/p>\n<h3>Moderne Wohnungen in Torremolinos<\/h3>\n<p>One Oak ist ein innovatives Wohnkonzept in Torremolinos, das darauf ausgelegt ist, das Mittelmeer und das unendliche Licht der Costa del Sol zu genie\u00dfen. Ein nat\u00fcrlicher und urbaner Lebensraum, avantgardistisch und funktional, mit reinen und unverwechselbaren Linien. Ein einzigartiges Projekt, bei dem Sie im Mittelpunkt stehen.<\/p>\n<p>Es gibt eine gro\u00dfe Auswahl an gro\u00dfz\u00fcgigen H\u00e4usern mit gro\u00dfz\u00fcgigen Terrassen und sorgf\u00e4ltiger Ausrichtung. Dank der abwechslungsreichen Typologie finden Sie immer ein Zuhause, das zu Ihnen passt. Mit 1, 2, 3 oder 4 Schlafzimmern k\u00f6nnen Sie sich f\u00fcr ein Hochhaus, ein Penthouse oder eine Erdgeschosswohnung entscheiden.<\/p>\n<p>Dieses Projekt bietet hohe \u00e4sthetische und technische Qualit\u00e4t in einer unschlagbaren Lage. Die Residenz thront \u00fcber dem Mittelmeer und bietet atemberaubende Ausblicke auf das Meer und die Stadt. Das Ergebnis ist wundersch\u00f6n: ein avantgardistisches und raffiniertes Haus, das die Nutzung der Gemeinschaftsbereiche optimiert und die Privatsph\u00e4re des Komplexes f\u00f6rdert.<\/p>\n<p>Die Wohnzimmer verf\u00fcgen \u00fcber eine integrierte K\u00fcche und einen breiten Zugang zu den Terrassen, wodurch ein gro\u00dfer Tagungsraum entsteht, der die Grenzen zwischen Au\u00dfen und Innen verwischt. Besonderes Augenmerk wurde auf die Ausrichtung gelegt, um den Zugang zu nat\u00fcrlichem Licht zu optimieren und die Freude an den Au\u00dfenbereichen zu f\u00f6rdern. Die gro\u00dfen Terrassen und Fenster unterstreichen das Design, das das Wohnvergn\u00fcgen steigert.<\/p>\n<p>Der Komplex nutzt ein aerothermisches System zur Warmwasserbereitung und Klimatisierung.<\/p>\n<h3>Gemeinschaftsbereiche<\/h3>\n<p>Die Gemeinschaftsbereiche sind von sorgf\u00e4ltig angelegten G\u00e4rten umgeben und bieten zwei gro\u00dfe Au\u00dfenpools und ein voll ausgestattetes Fitnessstudio.<\/p>\n<p>Voll ausgestattetes Fitnessstudio mit Sauna und Duschen.<\/p>\n<p>Multifunktionaler Nutzungs- und Genussraum in der gesamten Wohnanlage.<\/p>\n<p>Spielbereich f\u00fcr Kinder.<\/p>\n<h3>Preisinformationen<\/h3>\n<pre>Update - M\u00e4rz 2025<\/pre>\n<p><img decoding=\"async\" class=\"alignnone wp-image-4172\" src=\"https:\/\/torremolinos-oak.com\/wp-content\/uploads\/sites\/11\/2025\/03\/Prices-One-Oak-march-2025.jpg\" alt=\"\" width=\"400\" height=\"122\" srcset=\"https:\/\/torremolinos-oak.com\/wp-content\/uploads\/sites\/11\/2025\/03\/Prices-One-Oak-march-2025.jpg 646w, https:\/\/torremolinos-oak.com\/wp-content\/uploads\/sites\/11\/2025\/03\/Prices-One-Oak-march-2025-300x91.jpg 300w, https:\/\/torremolinos-oak.com\/wp-content\/uploads\/sites\/11\/2025\/03\/Prices-One-Oak-march-2025-18x5.jpg 18w\" sizes=\"(max-width: 400px) 100vw, 400px\" \/><\/p>\n<p>Bezugsfertig im zweiten Quartal 2025 \u2013 Preise zzgl. 10% MwSt.<\/p>\n<pre class=\"table-row\">Zu Ihrer Information: Diese Daten dienen ausschlie\u00dflich Informationszwecken und haben keinen vertraglichen Wert. Diese Preise k\u00f6nnen je nach Projektentwicklung und Verf\u00fcgbarkeit variieren.<\/pre>\n<p><strong>Aktuelle Verf\u00fcgbarkeit, Preise und Informationspaket:<\/strong><\/p>\n<p><a href=\"https:\/\/torremolinos-oak.com\/de\/mehr-informationen\/\"><strong>Fordern Sie das Informationspaket an &gt;&gt;&gt;<\/strong><\/a><\/p>\n<\/div>\n\n\t\t<\/div>\n\t<\/div>\n\n\t\t<\/div>\n\t<\/div>\n\t<\/div>\n\n<\/div>\n<\/div>\n\n<div  class=\"content_row row page-content vc_row wpb_row  default-style fullwidth\" style=\"background-color: #bbac8c;\">\n\t\n\t<div class=\"content_row_wrapper  default\" >\n\t<div id=\"asdasd\" class=\"vc_col-sm-12 wpb_column vc_column_container\" >\n\t<div class=\"vc_column-inner\">\n\t\t<div class=\"wpb_wrapper\" >\n\t\t\t<div class=\"rt_heading_wrapper no-style\">\n\t\t\t\t\t\t<h1 class=\"rt_heading  no-style\"  style=\"font-size:24px;margin-top:24px;margin-bottom:0px;\">Merkmale - <span class=\"after_h1 white\">Med Hills Fuengirola<\/span><\/h1> \n\t\t\t\t\t<\/div><div class=\"vc_empty_space\"   style=\"height: 32px\"><span class=\"vc_empty_space_inner\"><\/span><\/div><div class=\"vc_separator wpb_content_element vc_separator_align_center vc_sep_width_100 vc_sep_style-4 vc_sep_pos_align_center vc_separator_no_text vc_sep_color_grey\" ><span class=\"vc_sep_holder vc_sep_holder_l\"><span class=\"vc_sep_line\"><\/span><\/span><span class=\"vc_sep_holder vc_sep_holder_r\"><span class=\"vc_sep_line\"><\/span><\/span>\n<\/div>\n\t<div class=\"wpb_text_column wpb_content_element\" >\n\t\t<div class=\"wpb_wrapper\">\n\t\t\t\t \n\t\t<div  class=\"bullet-list style-1  check\">\n\t\t<ul>\n<li>H\u00e4user mit 2 und 3 Schlafzimmern<\/li>\n<li>offenes Wohnen<\/li>\n<li>Designerk\u00fcchen<\/li>\n<li>Gemeinschaftspool<\/li>\n<li>optimale Isolierung<\/li>\n<li>Preise ab 432.000 \u20ac.<\/li>\n<\/ul>\n\n\t\t<\/div>\n\t\n\n\t\t<\/div>\n\t<\/div>\n\n\t\t<\/div>\n\t<\/div>\n\t<\/div>\n\n<\/div>\n<\/div>\n\n<div  class=\"content_row row quote-row vc_row wpb_row  default-style fullwidth\" style=\"background-color: #fcfcfc;\">\n\t\n\t<div class=\"content_row_wrapper  fullwidth\" >\n\t<div id=\"asdasd\" class=\"vc_col-sm-12 wpb_column vc_column_container vc_custom_1644925648982\" >\n\t<div class=\"vc_column-inner\">\n\t\t<div class=\"wpb_wrapper\" >\n\t\t\t<div class=\"rt_heading_wrapper style-3\">\n\t\t\t\t\t\t<h4 class=\"rt_heading serif quote-max-width style-3\" >Med Hills-Informationspaket <a href=\"https:\/\/new.minisites.casadelmar.nl\/meer-informatie\/\"> Prospekt und aktuelle Preisliste anfordern <\/a><\/h4> \n\t\t\t\t\t<\/div>\n\t\t<\/div>\n\t<\/div>\n\t<\/div>\n\n<\/div>\n<\/div>\n\n<div  class=\"content_row row vc_row wpb_row  default-style fullwidth\" >\n\t\n\t<div class=\"content_row_wrapper  default\" >\n\t<div id=\"asdasd\" class=\"vc_col-sm-12 wpb_column vc_column_container\" >\n\t<div class=\"vc_column-inner\">\n\t\t<div class=\"wpb_wrapper\" >\n\t\t\t<div class=\"button_wrapper aligncenter\"><a  href=\"\/de\/mehr-informationen\/\" target=\"_self\" title=\"&gt; mehr Infos\" class=\"button_  style-2 small\">&gt; mehr Infos<\/a><\/div>\n\t<div class=\"wpb_video_widget wpb_content_element vc_clearfix   vc_video-aspect-ratio-169 vc_video-el-width-100 vc_video-align-center\" >\n\t\t<div class=\"wpb_wrapper\">\n\t\t\t\n\t\t\t<div class=\"wpb_video_wrapper\"><div style=\"width: 640px;\" class=\"wp-video\"><video class=\"wp-video-shortcode\" id=\"video-95-1\" width=\"640\" height=\"360\" preload=\"metadata\" controls=\"controls\"><source type=\"video\/mp4\" src=\"https:\/\/new.minisites.casadelmar.nl\/wp-content\/uploads\/sites\/11\/2022\/06\/med-hills.mp4?_=1\" \/><a href=\"https:\/\/new.minisites.casadelmar.nl\/wp-content\/uploads\/sites\/11\/2022\/06\/med-hills.mp4\">https:\/\/new.minisites.casadelmar.nl\/wp-content\/uploads\/sites\/11\/2022\/06\/med-hills.mp4<\/a><\/video><\/div><\/div>\n\t\t<\/div>\n\t<\/div>\n\n\t\t<\/div>\n\t<\/div>\n\t<\/div>\n\n<\/div>\n<\/div>\n<\/section>","protected":false},"excerpt":{"rendered":"<p>\u2026 <a class=\"more-link\" href=\"https:\/\/torremolinos-oak.com\/de\/der-komplex\/\">Weiterlesen<\/a><\/p>","protected":false},"author":1,"featured_media":4114,"parent":0,"menu_order":3,"comment_status":"closed","ping_status":"closed","template":"","meta":{"footnotes":""},"class_list":["post-95","page","type-page","status-publish","has-post-thumbnail","hentry"],"yoast_head":"<!-- This site is optimized with the Yoast SEO plugin v26.0 - https:\/\/yoast.com\/wordpress\/plugins\/seo\/ -->\n<title>Over One Oak - One Oak Torremolinos<\/title>\n<meta name=\"robots\" content=\"index, follow, max-snippet:-1, max-image-preview:large, max-video-preview:-1\" \/>\n<link rel=\"canonical\" href=\"https:\/\/torremolinos-oak.com\/de\/der-komplex\/\" \/>\n<meta property=\"og:locale\" content=\"de_DE\" \/>\n<meta property=\"og:type\" content=\"article\" \/>\n<meta property=\"og:title\" content=\"Over One Oak - One Oak Torremolinos\" \/>\n<meta property=\"og:url\" content=\"https:\/\/torremolinos-oak.com\/de\/der-komplex\/\" \/>\n<meta property=\"og:site_name\" content=\"One Oak Torremolinos\" \/>\n<meta property=\"article:modified_time\" content=\"2025-03-31T10:12:19+00:00\" \/>\n<meta property=\"og:image\" content=\"https:\/\/torremolinos-oak.com\/wp-content\/uploads\/sites\/11\/2022\/04\/One_Oak_outside.jpg\" \/>\n\t<meta property=\"og:image:width\" content=\"1400\" \/>\n\t<meta property=\"og:image:height\" content=\"800\" \/>\n\t<meta property=\"og:image:type\" content=\"image\/jpeg\" \/>\n<meta name=\"twitter:card\" content=\"summary_large_image\" \/>\n<meta name=\"twitter:label1\" content=\"Gesch\u00e4tzte Lesezeit\" \/>\n\t<meta name=\"twitter:data1\" content=\"4\u00a0Minuten\" \/>\n<script type=\"application\/ld+json\" class=\"yoast-schema-graph\">{\"@context\":\"https:\/\/schema.org\",\"@graph\":[{\"@type\":\"WebPage\",\"@id\":\"https:\/\/torremolinos-oak.com\/het-complex\/\",\"url\":\"https:\/\/torremolinos-oak.com\/het-complex\/\",\"name\":\"Over One Oak - One Oak Torremolinos\",\"isPartOf\":{\"@id\":\"https:\/\/torremolinos-oak.com\/#website\"},\"primaryImageOfPage\":{\"@id\":\"https:\/\/torremolinos-oak.com\/het-complex\/#primaryimage\"},\"image\":{\"@id\":\"https:\/\/torremolinos-oak.com\/het-complex\/#primaryimage\"},\"thumbnailUrl\":\"https:\/\/torremolinos-oak.com\/wp-content\/uploads\/sites\/11\/2022\/04\/One_Oak_outside.jpg\",\"datePublished\":\"2022-01-27T10:58:29+00:00\",\"dateModified\":\"2025-03-31T10:12:19+00:00\",\"breadcrumb\":{\"@id\":\"https:\/\/torremolinos-oak.com\/het-complex\/#breadcrumb\"},\"inLanguage\":\"de\",\"potentialAction\":[{\"@type\":\"ReadAction\",\"target\":[\"https:\/\/torremolinos-oak.com\/het-complex\/\"]}]},{\"@type\":\"ImageObject\",\"inLanguage\":\"de\",\"@id\":\"https:\/\/torremolinos-oak.com\/het-complex\/#primaryimage\",\"url\":\"https:\/\/torremolinos-oak.com\/wp-content\/uploads\/sites\/11\/2022\/04\/One_Oak_outside.jpg\",\"contentUrl\":\"https:\/\/torremolinos-oak.com\/wp-content\/uploads\/sites\/11\/2022\/04\/One_Oak_outside.jpg\",\"width\":1400,\"height\":800},{\"@type\":\"BreadcrumbList\",\"@id\":\"https:\/\/torremolinos-oak.com\/het-complex\/#breadcrumb\",\"itemListElement\":[{\"@type\":\"ListItem\",\"position\":1,\"name\":\"Home\",\"item\":\"https:\/\/torremolinos-oak.com\/\"},{\"@type\":\"ListItem\",\"position\":2,\"name\":\"Over One Oak\"}]},{\"@type\":\"WebSite\",\"@id\":\"https:\/\/torremolinos-oak.com\/#website\",\"url\":\"https:\/\/torremolinos-oak.com\/\",\"name\":\"One Oak Torremolinos\",\"description\":\"\",\"potentialAction\":[{\"@type\":\"SearchAction\",\"target\":{\"@type\":\"EntryPoint\",\"urlTemplate\":\"https:\/\/torremolinos-oak.com\/?s={search_term_string}\"},\"query-input\":{\"@type\":\"PropertyValueSpecification\",\"valueRequired\":true,\"valueName\":\"search_term_string\"}}],\"inLanguage\":\"de\"}]}<\/script>\n<!-- \/ Yoast SEO plugin. -->","yoast_head_json":{"title":"\u00dcber One Oak - One Oak Torremolinos","robots":{"index":"index","follow":"follow","max-snippet":"max-snippet:-1","max-image-preview":"max-image-preview:large","max-video-preview":"max-video-preview:-1"},"canonical":"https:\/\/torremolinos-oak.com\/de\/der-komplex\/","og_locale":"de_DE","og_type":"article","og_title":"Over One Oak - One Oak Torremolinos","og_url":"https:\/\/torremolinos-oak.com\/de\/der-komplex\/","og_site_name":"One Oak Torremolinos","article_modified_time":"2025-03-31T10:12:19+00:00","og_image":[{"width":1400,"height":800,"url":"https:\/\/torremolinos-oak.com\/wp-content\/uploads\/sites\/11\/2022\/04\/One_Oak_outside.jpg","type":"image\/jpeg"}],"twitter_card":"summary_large_image","twitter_misc":{"Gesch\u00e4tzte Lesezeit":"4\u00a0Minuten"},"schema":{"@context":"https:\/\/schema.org","@graph":[{"@type":"WebPage","@id":"https:\/\/torremolinos-oak.com\/het-complex\/","url":"https:\/\/torremolinos-oak.com\/het-complex\/","name":"\u00dcber One Oak - One Oak Torremolinos","isPartOf":{"@id":"https:\/\/torremolinos-oak.com\/#website"},"primaryImageOfPage":{"@id":"https:\/\/torremolinos-oak.com\/het-complex\/#primaryimage"},"image":{"@id":"https:\/\/torremolinos-oak.com\/het-complex\/#primaryimage"},"thumbnailUrl":"https:\/\/torremolinos-oak.com\/wp-content\/uploads\/sites\/11\/2022\/04\/One_Oak_outside.jpg","datePublished":"2022-01-27T10:58:29+00:00","dateModified":"2025-03-31T10:12:19+00:00","breadcrumb":{"@id":"https:\/\/torremolinos-oak.com\/het-complex\/#breadcrumb"},"inLanguage":"de","potentialAction":[{"@type":"ReadAction","target":["https:\/\/torremolinos-oak.com\/het-complex\/"]}]},{"@type":"ImageObject","inLanguage":"de","@id":"https:\/\/torremolinos-oak.com\/het-complex\/#primaryimage","url":"https:\/\/torremolinos-oak.com\/wp-content\/uploads\/sites\/11\/2022\/04\/One_Oak_outside.jpg","contentUrl":"https:\/\/torremolinos-oak.com\/wp-content\/uploads\/sites\/11\/2022\/04\/One_Oak_outside.jpg","width":1400,"height":800},{"@type":"BreadcrumbList","@id":"https:\/\/torremolinos-oak.com\/het-complex\/#breadcrumb","itemListElement":[{"@type":"ListItem","position":1,"name":"Home","item":"https:\/\/torremolinos-oak.com\/"},{"@type":"ListItem","position":2,"name":"Over One Oak"}]},{"@type":"WebSite","@id":"https:\/\/torremolinos-oak.com\/#website","url":"https:\/\/torremolinos-oak.com\/","name":"Eine Eiche Torremolinos","description":"","potentialAction":[{"@type":"SearchAction","target":{"@type":"EntryPoint","urlTemplate":"https:\/\/torremolinos-oak.com\/?s={search_term_string}"},"query-input":{"@type":"PropertyValueSpecification","valueRequired":true,"valueName":"search_term_string"}}],"inLanguage":"de"}]}},"_links":{"self":[{"href":"https:\/\/torremolinos-oak.com\/de\/wp-json\/wp\/v2\/pages\/95","targetHints":{"allow":["GET"]}}],"collection":[{"href":"https:\/\/torremolinos-oak.com\/de\/wp-json\/wp\/v2\/pages"}],"about":[{"href":"https:\/\/torremolinos-oak.com\/de\/wp-json\/wp\/v2\/types\/page"}],"author":[{"embeddable":true,"href":"https:\/\/torremolinos-oak.com\/de\/wp-json\/wp\/v2\/users\/1"}],"replies":[{"embeddable":true,"href":"https:\/\/torremolinos-oak.com\/de\/wp-json\/wp\/v2\/comments?post=95"}],"version-history":[{"count":32,"href":"https:\/\/torremolinos-oak.com\/de\/wp-json\/wp\/v2\/pages\/95\/revisions"}],"predecessor-version":[{"id":4175,"href":"https:\/\/torremolinos-oak.com\/de\/wp-json\/wp\/v2\/pages\/95\/revisions\/4175"}],"wp:featuredmedia":[{"embeddable":true,"href":"https:\/\/torremolinos-oak.com\/de\/wp-json\/wp\/v2\/media\/4114"}],"wp:attachment":[{"href":"https:\/\/torremolinos-oak.com\/de\/wp-json\/wp\/v2\/media?parent=95"}],"curies":[{"name":"wp","href":"https:\/\/api.w.org\/{rel}","templated":true}]}}