{"id":95,"date":"2022-01-27T10:58:29","date_gmt":"2022-01-27T10:58:29","guid":{"rendered":"http:\/\/cognito.mprinsdesign.nl\/?page_id=95"},"modified":"2025-03-31T12:12:19","modified_gmt":"2025-03-31T10:12:19","slug":"komplex","status":"publish","type":"page","link":"https:\/\/torremolinos-oak.com\/cs\/komplex\/","title":{"rendered":"O jednom dubu"},"content":{"rendered":"<section class=\"wpb-content-wrapper\"><div  class=\"content_row row page-content vc_row wpb_row  default-style fullwidth\" >\n\t\n\t<div class=\"content_row_wrapper  default\" >\n\t<div id=\"asdasd\" class=\"vc_col-sm-12 wpb_column vc_column_container\" >\n\t<div class=\"vc_column-inner\">\n\t\t<div class=\"wpb_wrapper\" >\n\t\t\t<div class=\"rt_heading_wrapper no-style\">\n\t\t\t\t\t\t<h1 class=\"rt_heading  no-style\"  style=\"font-size:24px;margin-top:24px;margin-bottom:0px;\">Jeden dub - <span class=\"after_h1\">Kr\u00e1sn\u011b um\u00edst\u011bn\u00e1 nov\u00e1 stavba s jedine\u010dn\u00fdm v\u00fdhledem v La Cala de Mijas..<\/span><\/h1> \n\t\t\t\t\t<\/div><div class=\"vc_empty_space\"   style=\"height: 32px\"><span class=\"vc_empty_space_inner\"><\/span><\/div><div class=\"vc_separator wpb_content_element vc_separator_align_center vc_sep_width_100 vc_sep_style-4 vc_sep_pos_align_center vc_separator_no_text vc_sep_color_grey\" ><span class=\"vc_sep_holder vc_sep_holder_l\"><span class=\"vc_sep_line\"><\/span><\/span><span class=\"vc_sep_holder vc_sep_holder_r\"><span class=\"vc_sep_line\"><\/span><\/span>\n<\/div><div class=\"vc_empty_space\"   style=\"height: 32px\"><span class=\"vc_empty_space_inner\"><\/span><\/div>\n\t<div class=\"wpb_text_column wpb_content_element\" >\n\t\t<div class=\"wpb_wrapper\">\n\t\t\t<div class=\"\">\n<p>One Oak je \u0161pi\u010dkou v oblasti nov\u00e9 v\u00fdstavby a nach\u00e1z\u00ed se v jedn\u00e9 z nejkr\u00e1sn\u011bj\u0161\u00edch lokalit v Torremolinos. Byty a penthousy v tomto komplexu se nepochybn\u011b rychle prodaj\u00ed. Kdo by necht\u011bl p\u011bkn\u00fd, prostorn\u00fd apartm\u00e1n s velkou terasou, um\u00edst\u011bn\u00fd v zeleni s jedine\u010dn\u00fdm v\u00fdhledem na kopce a fairwaye prvot\u0159\u00eddn\u00edho golfov\u00e9ho h\u0159i\u0161t\u011b k mo\u0159i?<\/p>\n<h3>Modern\u00ed apartm\u00e1ny v Torremolinos<\/h3>\n<p>One Oak je inovativn\u00ed koncept bydlen\u00ed v Torremolinos, navr\u017een\u00fd tak, aby si vychutnal St\u0159edozemn\u00ed mo\u0159e a nekone\u010dn\u00e9 sv\u011btlo Costa del Sol. P\u0159\u00edrodn\u00ed a m\u011bstsk\u00e9 prost\u0159ed\u00ed, avantgardn\u00ed a funk\u010dn\u00ed, s \u010dist\u00fdmi a nezam\u011bniteln\u00fdmi liniemi. Jedine\u010dn\u00fd projekt, ve kter\u00e9m jste st\u0159edem.<\/p>\n<p>K dispozici je \u0161irok\u00e1 \u0161k\u00e1la prostorn\u00fdch dom\u016f s velkorys\u00fdmi terasami a pe\u010dlivou orientac\u00ed. D\u00edky pestr\u00e9 typologii v\u017edy najdete domov, kter\u00fd v\u00e1m bude vyhovovat. S v\u00fdb\u011brem 1, 2, 3 nebo 4 lo\u017enic si m\u016f\u017eete vybrat v\u00fd\u0161kov\u00fd d\u016fm, penthouse nebo byt v p\u0159\u00edzem\u00ed.<\/p>\n<p>Tento projekt nab\u00edz\u00ed vysokou estetickou a technickou kvalitu v nep\u0159ekonateln\u00e9 lokalit\u011b. Rezidence se ty\u010d\u00ed nad St\u0159edozemn\u00edm mo\u0159em a nab\u00edz\u00ed \u00fachvatn\u00fd v\u00fdhled na mo\u0159e a m\u011bsto. V\u00fdsledek je kr\u00e1sn\u00fd: avantgardn\u00ed a rafinovan\u00fd d\u016fm, kter\u00fd optimalizuje vyu\u017eit\u00ed spole\u010dn\u00fdch prostor a podporuje soukrom\u00ed komplexu.<\/p>\n<p>Ob\u00fdvac\u00ed pokoje maj\u00ed integrovanou kuchy\u0148 a maj\u00ed \u0161irok\u00fd p\u0159\u00edstup na terasy, co\u017e vytv\u00e1\u0159\u00ed velk\u00fd prostor pro setk\u00e1v\u00e1n\u00ed, kter\u00fd st\u00edr\u00e1 hranice mezi vn\u011bj\u0161kem a uvnit\u0159. Zvl\u00e1\u0161tn\u00ed pozornost byla v\u011bnov\u00e1na orientaci, kter\u00e1 optimalizuje p\u0159\u00edstup p\u0159irozen\u00e9ho sv\u011btla a podporuje po\u017eitek z venkovn\u00edch prostor. Velk\u00e9 terasy a okna zd\u016fraz\u0148uj\u00ed design, kter\u00fd zvy\u0161uje pot\u011b\u0161en\u00ed z bydlen\u00ed.<\/p>\n<p>Are\u00e1l vyu\u017e\u00edv\u00e1 aerotermick\u00fd syst\u00e9m pro v\u00fdrobu tepl\u00e9 vody a klimatizaci.<\/p>\n<h3>Spole\u010dn\u00e9 prostory<\/h3>\n<p>Spole\u010dn\u00e9 prostory jsou obklopeny pe\u010dliv\u011b upraven\u00fdmi zahradami a nab\u00edzej\u00ed dva velk\u00e9 venkovn\u00ed baz\u00e9ny a pln\u011b vybavenou posilovnu.<\/p>\n<p>Pln\u011b vybaven\u00e1 posilovna se saunou a sprchami.<\/p>\n<p>Multifunk\u010dn\u00ed prostor pro vyu\u017eit\u00ed a vy\u017eit\u00ed v cel\u00e9m reziden\u010dn\u00edm komplexu.<\/p>\n<p>H\u0159i\u0161t\u011b pro d\u011bti.<\/p>\n<h3>Informace o cen\u00e1ch<\/h3>\n<pre>aktualizace - b\u0159ezen 2025<\/pre>\n<p><img decoding=\"async\" class=\"alignnone wp-image-4172\" src=\"https:\/\/torremolinos-oak.com\/wp-content\/uploads\/sites\/11\/2025\/03\/Prices-One-Oak-march-2025.jpg\" alt=\"\" width=\"400\" height=\"122\" srcset=\"https:\/\/torremolinos-oak.com\/wp-content\/uploads\/sites\/11\/2025\/03\/Prices-One-Oak-march-2025.jpg 646w, https:\/\/torremolinos-oak.com\/wp-content\/uploads\/sites\/11\/2025\/03\/Prices-One-Oak-march-2025-300x91.jpg 300w, https:\/\/torremolinos-oak.com\/wp-content\/uploads\/sites\/11\/2025\/03\/Prices-One-Oak-march-2025-18x5.jpg 18w\" sizes=\"(max-width: 400px) 100vw, 400px\" \/><\/p>\n<p>P\u0159ipraveno k nast\u011bhov\u00e1n\u00ed druh\u00e9 \u010dtvrtlet\u00ed 2025 - Ceny bez DPH 10%.<\/p>\n<pre class=\"table-row\">Pro va\u0161i informaci: Tyto \u00fadaje slou\u017e\u00ed \u010dist\u011b pro informa\u010dn\u00ed \u00fa\u010dely a nemaj\u00ed \u017e\u00e1dnou smluvn\u00ed hodnotu. Tyto ceny se mohou li\u0161it v z\u00e1vislosti na v\u00fdvoji projektu a dostupnosti.<\/pre>\n<p><strong>Aktu\u00e1ln\u00ed dostupnost, ceny a informa\u010dn\u00ed bal\u00ed\u010dek:<\/strong><\/p>\n<p><a href=\"https:\/\/torremolinos-oak.com\/cs\/vice-informaci\/\"><strong>Vy\u017e\u00e1dejte si informa\u010dn\u00ed bal\u00ed\u010dek &gt;&gt;&gt;<\/strong><\/a><\/p>\n<\/div>\n\n\t\t<\/div>\n\t<\/div>\n\n\t\t<\/div>\n\t<\/div>\n\t<\/div>\n\n<\/div>\n<\/div>\n\n<div  class=\"content_row row page-content vc_row wpb_row  default-style fullwidth\" style=\"background-color: #bbac8c;\">\n\t\n\t<div class=\"content_row_wrapper  default\" >\n\t<div id=\"asdasd\" class=\"vc_col-sm-12 wpb_column vc_column_container\" >\n\t<div class=\"vc_column-inner\">\n\t\t<div class=\"wpb_wrapper\" >\n\t\t\t<div class=\"rt_heading_wrapper no-style\">\n\t\t\t\t\t\t<h1 class=\"rt_heading  no-style\"  style=\"font-size:24px;margin-top:24px;margin-bottom:0px;\">Funkce - <span class=\"after_h1 white\">Med Hills Fuengirola<\/span><\/h1> \n\t\t\t\t\t<\/div><div class=\"vc_empty_space\"   style=\"height: 32px\"><span class=\"vc_empty_space_inner\"><\/span><\/div><div class=\"vc_separator wpb_content_element vc_separator_align_center vc_sep_width_100 vc_sep_style-4 vc_sep_pos_align_center vc_separator_no_text vc_sep_color_grey\" ><span class=\"vc_sep_holder vc_sep_holder_l\"><span class=\"vc_sep_line\"><\/span><\/span><span class=\"vc_sep_holder vc_sep_holder_r\"><span class=\"vc_sep_line\"><\/span><\/span>\n<\/div>\n\t<div class=\"wpb_text_column wpb_content_element\" >\n\t\t<div class=\"wpb_wrapper\">\n\t\t\t\t \n\t\t<div  class=\"bullet-list style-1  check\">\n\t\t<ul>\n<li>domy se 2 a 3 lo\u017enicemi<\/li>\n<li>otev\u0159en\u00e9 bydlen\u00ed<\/li>\n<li>designov\u00e9 kuchyn\u011b<\/li>\n<li>spole\u010dn\u00fd baz\u00e9n<\/li>\n<li>optim\u00e1ln\u00ed izolace<\/li>\n<li>ceny od 432 000 \u20ac.<\/li>\n<\/ul>\n\n\t\t<\/div>\n\t\n\n\t\t<\/div>\n\t<\/div>\n\n\t\t<\/div>\n\t<\/div>\n\t<\/div>\n\n<\/div>\n<\/div>\n\n<div  class=\"content_row row quote-row vc_row wpb_row  default-style fullwidth\" style=\"background-color: #fcfcfc;\">\n\t\n\t<div class=\"content_row_wrapper  fullwidth\" >\n\t<div id=\"asdasd\" class=\"vc_col-sm-12 wpb_column vc_column_container vc_custom_1644925648982\" >\n\t<div class=\"vc_column-inner\">\n\t\t<div class=\"wpb_wrapper\" >\n\t\t\t<div class=\"rt_heading_wrapper style-3\">\n\t\t\t\t\t\t<h4 class=\"rt_heading serif quote-max-width style-3\" >Informa\u010dn\u00ed bal\u00ed\u010dek Med Hills <a href=\"https:\/\/new.minisites.casadelmar.nl\/meer-informatie\/\"> Vy\u017e\u00e1dejte si bro\u017euru a nejnov\u011bj\u0161\u00ed cen\u00edk <\/a><\/h4> \n\t\t\t\t\t<\/div>\n\t\t<\/div>\n\t<\/div>\n\t<\/div>\n\n<\/div>\n<\/div>\n\n<div  class=\"content_row row vc_row wpb_row  default-style fullwidth\" >\n\t\n\t<div class=\"content_row_wrapper  default\" >\n\t<div id=\"asdasd\" class=\"vc_col-sm-12 wpb_column vc_column_container\" >\n\t<div class=\"vc_column-inner\">\n\t\t<div class=\"wpb_wrapper\" >\n\t\t\t<div class=\"button_wrapper aligncenter\"><a  href=\"\/cs\/vice-informaci\/\" target=\"_self\" title=\"&gt; v\u00edce informac\u00ed\" class=\"button_  style-2 small\">&gt; v\u00edce informac\u00ed<\/a><\/div>\n\t<div class=\"wpb_video_widget wpb_content_element vc_clearfix   vc_video-aspect-ratio-169 vc_video-el-width-100 vc_video-align-center\" >\n\t\t<div class=\"wpb_wrapper\">\n\t\t\t\n\t\t\t<div class=\"wpb_video_wrapper\"><div style=\"width: 640px;\" class=\"wp-video\"><video class=\"wp-video-shortcode\" id=\"video-95-1\" width=\"640\" height=\"360\" preload=\"metadata\" controls=\"controls\"><source type=\"video\/mp4\" src=\"https:\/\/new.minisites.casadelmar.nl\/wp-content\/uploads\/sites\/11\/2022\/06\/med-hills.mp4?_=1\" \/><a href=\"https:\/\/new.minisites.casadelmar.nl\/wp-content\/uploads\/sites\/11\/2022\/06\/med-hills.mp4\">https:\/\/new.minisites.casadelmar.nl\/wp-content\/uploads\/sites\/11\/2022\/06\/med-hills.mp4<\/a><\/video><\/div><\/div>\n\t\t<\/div>\n\t<\/div>\n\n\t\t<\/div>\n\t<\/div>\n\t<\/div>\n\n<\/div>\n<\/div>\n<\/section>","protected":false},"excerpt":{"rendered":"<p>\u2026 <a class=\"more-link\" href=\"https:\/\/torremolinos-oak.com\/cs\/komplex\/\">pokra\u010dovat ve \u010dten\u00ed<\/a><\/p>","protected":false},"author":1,"featured_media":4114,"parent":0,"menu_order":3,"comment_status":"closed","ping_status":"closed","template":"","meta":{"footnotes":""},"class_list":["post-95","page","type-page","status-publish","has-post-thumbnail","hentry"],"yoast_head":"<!-- This site is optimized with the Yoast SEO plugin v26.0 - https:\/\/yoast.com\/wordpress\/plugins\/seo\/ -->\n<title>Over One Oak - One Oak Torremolinos<\/title>\n<meta name=\"robots\" content=\"index, follow, max-snippet:-1, max-image-preview:large, max-video-preview:-1\" \/>\n<link rel=\"canonical\" href=\"https:\/\/torremolinos-oak.com\/cs\/komplex\/\" \/>\n<meta property=\"og:locale\" content=\"cs_CZ\" \/>\n<meta property=\"og:type\" content=\"article\" \/>\n<meta property=\"og:title\" content=\"Over One Oak - One Oak Torremolinos\" \/>\n<meta property=\"og:url\" content=\"https:\/\/torremolinos-oak.com\/cs\/komplex\/\" \/>\n<meta property=\"og:site_name\" content=\"One Oak Torremolinos\" \/>\n<meta property=\"article:modified_time\" content=\"2025-03-31T10:12:19+00:00\" \/>\n<meta property=\"og:image\" content=\"https:\/\/torremolinos-oak.com\/wp-content\/uploads\/sites\/11\/2022\/04\/One_Oak_outside.jpg\" \/>\n\t<meta property=\"og:image:width\" content=\"1400\" \/>\n\t<meta property=\"og:image:height\" content=\"800\" \/>\n\t<meta property=\"og:image:type\" content=\"image\/jpeg\" \/>\n<meta name=\"twitter:card\" content=\"summary_large_image\" \/>\n<meta name=\"twitter:label1\" content=\"Odhadovan\u00e1 doba \u010dten\u00ed\" \/>\n\t<meta name=\"twitter:data1\" content=\"4 minuty\" \/>\n<script type=\"application\/ld+json\" class=\"yoast-schema-graph\">{\"@context\":\"https:\/\/schema.org\",\"@graph\":[{\"@type\":\"WebPage\",\"@id\":\"https:\/\/torremolinos-oak.com\/het-complex\/\",\"url\":\"https:\/\/torremolinos-oak.com\/het-complex\/\",\"name\":\"Over One Oak - One Oak Torremolinos\",\"isPartOf\":{\"@id\":\"https:\/\/torremolinos-oak.com\/#website\"},\"primaryImageOfPage\":{\"@id\":\"https:\/\/torremolinos-oak.com\/het-complex\/#primaryimage\"},\"image\":{\"@id\":\"https:\/\/torremolinos-oak.com\/het-complex\/#primaryimage\"},\"thumbnailUrl\":\"https:\/\/torremolinos-oak.com\/wp-content\/uploads\/sites\/11\/2022\/04\/One_Oak_outside.jpg\",\"datePublished\":\"2022-01-27T10:58:29+00:00\",\"dateModified\":\"2025-03-31T10:12:19+00:00\",\"breadcrumb\":{\"@id\":\"https:\/\/torremolinos-oak.com\/het-complex\/#breadcrumb\"},\"inLanguage\":\"cs\",\"potentialAction\":[{\"@type\":\"ReadAction\",\"target\":[\"https:\/\/torremolinos-oak.com\/het-complex\/\"]}]},{\"@type\":\"ImageObject\",\"inLanguage\":\"cs\",\"@id\":\"https:\/\/torremolinos-oak.com\/het-complex\/#primaryimage\",\"url\":\"https:\/\/torremolinos-oak.com\/wp-content\/uploads\/sites\/11\/2022\/04\/One_Oak_outside.jpg\",\"contentUrl\":\"https:\/\/torremolinos-oak.com\/wp-content\/uploads\/sites\/11\/2022\/04\/One_Oak_outside.jpg\",\"width\":1400,\"height\":800},{\"@type\":\"BreadcrumbList\",\"@id\":\"https:\/\/torremolinos-oak.com\/het-complex\/#breadcrumb\",\"itemListElement\":[{\"@type\":\"ListItem\",\"position\":1,\"name\":\"Home\",\"item\":\"https:\/\/torremolinos-oak.com\/\"},{\"@type\":\"ListItem\",\"position\":2,\"name\":\"Over One Oak\"}]},{\"@type\":\"WebSite\",\"@id\":\"https:\/\/torremolinos-oak.com\/#website\",\"url\":\"https:\/\/torremolinos-oak.com\/\",\"name\":\"One Oak Torremolinos\",\"description\":\"\",\"potentialAction\":[{\"@type\":\"SearchAction\",\"target\":{\"@type\":\"EntryPoint\",\"urlTemplate\":\"https:\/\/torremolinos-oak.com\/?s={search_term_string}\"},\"query-input\":{\"@type\":\"PropertyValueSpecification\",\"valueRequired\":true,\"valueName\":\"search_term_string\"}}],\"inLanguage\":\"cs\"}]}<\/script>\n<!-- \/ Yoast SEO plugin. -->","yoast_head_json":{"title":"About One Oak - One Oak Torremolinos","robots":{"index":"index","follow":"follow","max-snippet":"max-snippet:-1","max-image-preview":"max-image-preview:large","max-video-preview":"max-video-preview:-1"},"canonical":"https:\/\/torremolinos-oak.com\/cs\/komplex\/","og_locale":"cs_CZ","og_type":"article","og_title":"Over One Oak - One Oak Torremolinos","og_url":"https:\/\/torremolinos-oak.com\/cs\/komplex\/","og_site_name":"One Oak Torremolinos","article_modified_time":"2025-03-31T10:12:19+00:00","og_image":[{"width":1400,"height":800,"url":"https:\/\/torremolinos-oak.com\/wp-content\/uploads\/sites\/11\/2022\/04\/One_Oak_outside.jpg","type":"image\/jpeg"}],"twitter_card":"summary_large_image","twitter_misc":{"Odhadovan\u00e1 doba \u010dten\u00ed":"4 minuty"},"schema":{"@context":"https:\/\/schema.org","@graph":[{"@type":"WebPage","@id":"https:\/\/torremolinos-oak.com\/het-complex\/","url":"https:\/\/torremolinos-oak.com\/het-complex\/","name":"About One Oak - One Oak Torremolinos","isPartOf":{"@id":"https:\/\/torremolinos-oak.com\/#website"},"primaryImageOfPage":{"@id":"https:\/\/torremolinos-oak.com\/het-complex\/#primaryimage"},"image":{"@id":"https:\/\/torremolinos-oak.com\/het-complex\/#primaryimage"},"thumbnailUrl":"https:\/\/torremolinos-oak.com\/wp-content\/uploads\/sites\/11\/2022\/04\/One_Oak_outside.jpg","datePublished":"2022-01-27T10:58:29+00:00","dateModified":"2025-03-31T10:12:19+00:00","breadcrumb":{"@id":"https:\/\/torremolinos-oak.com\/het-complex\/#breadcrumb"},"inLanguage":"cs","potentialAction":[{"@type":"ReadAction","target":["https:\/\/torremolinos-oak.com\/het-complex\/"]}]},{"@type":"ImageObject","inLanguage":"cs","@id":"https:\/\/torremolinos-oak.com\/het-complex\/#primaryimage","url":"https:\/\/torremolinos-oak.com\/wp-content\/uploads\/sites\/11\/2022\/04\/One_Oak_outside.jpg","contentUrl":"https:\/\/torremolinos-oak.com\/wp-content\/uploads\/sites\/11\/2022\/04\/One_Oak_outside.jpg","width":1400,"height":800},{"@type":"BreadcrumbList","@id":"https:\/\/torremolinos-oak.com\/het-complex\/#breadcrumb","itemListElement":[{"@type":"ListItem","position":1,"name":"Home","item":"https:\/\/torremolinos-oak.com\/"},{"@type":"ListItem","position":2,"name":"Over One Oak"}]},{"@type":"WebSite","@id":"https:\/\/torremolinos-oak.com\/#website","url":"https:\/\/torremolinos-oak.com\/","name":"Jeden dub Torremolinos","description":"","potentialAction":[{"@type":"SearchAction","target":{"@type":"EntryPoint","urlTemplate":"https:\/\/torremolinos-oak.com\/?s={search_term_string}"},"query-input":{"@type":"PropertyValueSpecification","valueRequired":true,"valueName":"search_term_string"}}],"inLanguage":"cs"}]}},"_links":{"self":[{"href":"https:\/\/torremolinos-oak.com\/cs\/wp-json\/wp\/v2\/pages\/95","targetHints":{"allow":["GET"]}}],"collection":[{"href":"https:\/\/torremolinos-oak.com\/cs\/wp-json\/wp\/v2\/pages"}],"about":[{"href":"https:\/\/torremolinos-oak.com\/cs\/wp-json\/wp\/v2\/types\/page"}],"author":[{"embeddable":true,"href":"https:\/\/torremolinos-oak.com\/cs\/wp-json\/wp\/v2\/users\/1"}],"replies":[{"embeddable":true,"href":"https:\/\/torremolinos-oak.com\/cs\/wp-json\/wp\/v2\/comments?post=95"}],"version-history":[{"count":32,"href":"https:\/\/torremolinos-oak.com\/cs\/wp-json\/wp\/v2\/pages\/95\/revisions"}],"predecessor-version":[{"id":4175,"href":"https:\/\/torremolinos-oak.com\/cs\/wp-json\/wp\/v2\/pages\/95\/revisions\/4175"}],"wp:featuredmedia":[{"embeddable":true,"href":"https:\/\/torremolinos-oak.com\/cs\/wp-json\/wp\/v2\/media\/4114"}],"wp:attachment":[{"href":"https:\/\/torremolinos-oak.com\/cs\/wp-json\/wp\/v2\/media?parent=95"}],"curies":[{"name":"wp","href":"https:\/\/api.w.org\/{rel}","templated":true}]}}